{"id":19064,"date":"2025-10-30T15:49:46","date_gmt":"2025-10-30T14:49:46","guid":{"rendered":"https:\/\/4woods.eu\/?page_id=19064"},"modified":"2025-11-02T17:37:08","modified_gmt":"2025-11-02T16:37:08","slug":"faq-silikonpuppen","status":"publish","type":"page","link":"https:\/\/4woods.eu\/de\/faq-silikonpuppen\/","title":{"rendered":"FAQs"},"content":{"rendered":"<p>[vc_row full_width=&#8221;stretch_row_content_no_spaces&#8221; css=&#8221;.vc_custom_1761830810173{padding-top: 30px !important;padding-right: 15px !important;padding-left: 15px !important;background-color: #f5f3ee !important;}&#8221;][vc_column width=&#8221;1\/6&#8243;][\/vc_column][vc_column width=&#8221;2\/3&#8243;][vc_raw_html]JTNDJTIxLS0lMjBEJUMzJUE5YnV0JTIwY29udGVudSUyMHByaW5jaXBhbCUyMC0tJTNFJTBBJTNDbWFpbiUyMGlkJTNEJTIybWFpbi1jb250ZW50JTIyJTIwcm9sZSUzRCUyMm1haW4lMjIlM0U=[\/vc_raw_html][vc_column_text]<\/p>\n<h1 style=\"text-align: center;\">H\u00e4ufig gestellte Fragen | FAQ<\/h1>\n<p>[\/vc_column_text][\/vc_column][vc_column width=&#8221;1\/6&#8243;][\/vc_column][\/vc_row][vc_row full_width=&#8221;stretch_row_content_no_spaces&#8221; css=&#8221;.vc_custom_1761831411070{padding-top: 50px !important;padding-bottom: 50px !important;background-color: #f5f3ee !important;}&#8221;][vc_column width=&#8221;1\/4&#8243;][\/vc_column][vc_column width=&#8221;1\/2&#8243; el_class=&#8221;faq-succincte&#8221; css=&#8221;.vc_custom_1761918280333{padding-right: 15px !important;padding-left: 15px !important;}&#8221;][vc_column_text css=&#8221;.vc_custom_1761849830986{padding-top: 40px !important;padding-bottom: 40px !important;}&#8221;]Auf dieser Seite finden Sie Antworten auf die h\u00e4ufigsten Fragen zu den Silikonpuppen von 4Woods Europe, von der Herstellung \u00fcber Pflege und Lieferung bis hin zur Personalisierung. Jedes Modell wird in Frankreich von Hand gefertigt und vereint die Soft Skin-Silicontechnologie mit franz\u00f6sischer Handwerkskunst. F\u00fcr ausf\u00fchrlichere Informationen besuchen Sie bitte die <a href=\"https:\/\/4woods.eu\/de\/faq-silikonpuppen\/ausfuehrliche-faq-silikonpuppen\/\">ausf\u00fchrliche FAQ<\/a>.[\/vc_column_text][vc_column_text]<\/p>\n<article>\n<h2>Was ist eine Silikonpuppe und wof\u00fcr dient sie?<\/h2>\n<p>Eine Silikonpuppe ist eine lebensechte Nachbildung des menschlichen K\u00f6rpers, vollst\u00e4ndig aus hautweichem Silikon gefertigt. Sie wird f\u00fcr verschiedene Zwecke verwendet, von Intimit\u00e4t bis zu k\u00fcnstlerischen oder dekorativen Projekten, und zeichnet sich durch ihre realistische Haptik und ihre anatomischen Details aus.<\/p>\n<\/article>\n<p>[\/vc_column_text][vc_separator color=&#8221;custom&#8221; align=&#8221;align_left&#8221; el_width=&#8221;50&#8243; accent_color=&#8221;#d1004b&#8221; css=&#8221;.vc_custom_1761918527610{padding-top: 50px !important;padding-bottom: 30px !important;}&#8221;][vc_column_text]<\/p>\n<article>\n<h2>Woraus besteht eine hochwertige Silikonpuppe und wie sicher ist das Silikonmaterial?<\/h2>\n<p>Unsere Puppen werden aus hochwertigem, hautfreundlichem Silikon hergestellt, das f\u00fcr den Kontakt mit der menschlichen Haut geeignet ist. Das Material ist langlebig, hypoallergen und leicht zu reinigen. Es erf\u00fcllt europ\u00e4ische Sicherheitsstandards f\u00fcr Hautkontaktmaterialien. Um mehr \u00fcber die verwendeten Materialien zu erfahren, besuchen Sie unsere Seite <a href=\"https:\/\/4woods.eu\/de\/silikonpuppen\/optionen\/\">Eigenschaften<\/a>.<\/p>\n<\/article>\n<p>[\/vc_column_text][vc_separator color=&#8221;custom&#8221; align=&#8221;align_left&#8221; el_width=&#8221;50&#8243; accent_color=&#8221;#d1004b&#8221; css=&#8221;.vc_custom_1761918527610{padding-top: 50px !important;padding-bottom: 30px !important;}&#8221;][vc_column_text]<\/p>\n<article>\n<h2>Wie l\u00e4uft der Bestellvorgang bei 4Woods Europe ab?<\/h2>\n<p>Sie k\u00f6nnen Ihre Bestellung einfach per E-Mail oder telefonisch aufgeben. Unser Team begleitet Sie bei der Auswahl und Personalisierung Ihrer Puppe und sendet anschlie\u00dfend Ihre Rechnung und Zahlungsinformationen.<\/p>\n<\/article>\n<p>[\/vc_column_text][vc_separator color=&#8221;custom&#8221; align=&#8221;align_left&#8221; el_width=&#8221;50&#8243; accent_color=&#8221;#d1004b&#8221; css=&#8221;.vc_custom_1761918527610{padding-top: 50px !important;padding-bottom: 30px !important;}&#8221;][vc_column_text]<\/p>\n<article>\n<h2>Welche Zahlungsmethoden werden akzeptiert und gibt es Ratenzahlung?<\/h2>\n<p>Wir akzeptieren Bank\u00fcberweisungen, Paypal und Bankschecks (nur in Frankreich). Eine Zahlung in zwei Monatsraten ist m\u00f6glich: eine Anzahlung bei der Bestellung und der Rest im Folgemonat.<\/p>\n<\/article>\n<p>[\/vc_column_text][vc_separator color=&#8221;custom&#8221; align=&#8221;align_left&#8221; el_width=&#8221;50&#8243; accent_color=&#8221;#d1004b&#8221; css=&#8221;.vc_custom_1761918527610{padding-top: 50px !important;padding-bottom: 30px !important;}&#8221;][vc_column_text]<\/p>\n<article>\n<h2>Wie funktioniert der Versand und wie hoch sind die Lieferkosten?<\/h2>\n<p>Die Lieferung kostet 150 \u20ac inklusive MwSt. innerhalb der EU (125 \u20ac ohne MwSt. f\u00fcr die Schweiz). Alle Sendungen sind versichert, diskret verpackt und werden nach vorheriger Absprache verschickt.<\/p>\n<\/article>\n<p>[\/vc_column_text][vc_separator color=&#8221;custom&#8221; align=&#8221;align_left&#8221; el_width=&#8221;50&#8243; accent_color=&#8221;#d1004b&#8221; css=&#8221;.vc_custom_1761918527610{padding-top: 50px !important;padding-bottom: 30px !important;}&#8221;][vc_column_text]<\/p>\n<article>\n<h2>Warum sind Silikonpuppen so teuer?<\/h2>\n<p>Der Preis spiegelt die <a href=\"https:\/\/4woods.eu\/de\/franzosische-puppenherstellung\/\">handwerkliche Herstellung<\/a>, das exklusive Soft-Skin-Silikon, das bewegliche Metallskelett und die hohe Detailgenauigkeit wider. Jede Puppe ist ein Unikat, das vollst\u00e4ndig in Frankreich handgefertigt wird.<\/p>\n<\/article>\n<p>[\/vc_column_text][vc_separator color=&#8221;custom&#8221; align=&#8221;align_left&#8221; el_width=&#8221;50&#8243; accent_color=&#8221;#d1004b&#8221; css=&#8221;.vc_custom_1761918527610{padding-top: 50px !important;padding-bottom: 30px !important;}&#8221;][vc_column_text]<\/p>\n<article>\n<h2>Wie pflege und reinige ich meine Silikonpuppe richtig?<\/h2>\n<p>Reinigen Sie Ihre Puppe regelm\u00e4\u00dfig mit warmem Seifenwasser und trocknen Sie sie an der Luft. Bewahren Sie sie an einem trockenen Ort auf und vermeiden Sie engen Kontakt mit dunklen oder gef\u00e4rbten Stoffen.<\/p>\n<\/article>\n<p>[\/vc_column_text][vc_separator color=&#8221;custom&#8221; align=&#8221;align_left&#8221; el_width=&#8221;50&#8243; accent_color=&#8221;#d1004b&#8221; css=&#8221;.vc_custom_1761918527610{padding-top: 50px !important;padding-bottom: 30px !important;}&#8221;][vc_column_text]<\/p>\n<article>\n<h2>Welche Garantie gibt es auf 4Woods Silikonpuppen?<\/h2>\n<p>Wir bieten eine 30-Tage-Garantie auf Herstellungsfehler des Skeletts. Sch\u00e4den am Silikon, die durch unsachgem\u00e4\u00dfe Handhabung entstehen, sind ausgeschlossen. Unser Kundendienst in Frankreich steht Ihnen jederzeit f\u00fcr Reparaturen und Pflegeberatung zur Verf\u00fcgung.<\/p>\n<\/article>\n<p>[\/vc_column_text][vc_separator color=&#8221;custom&#8221; align=&#8221;align_left&#8221; el_width=&#8221;50&#8243; accent_color=&#8221;#d1004b&#8221; css=&#8221;.vc_custom_1761918527610{padding-top: 50px !important;padding-bottom: 30px !important;}&#8221;][vc_column_text]<\/p>\n<article>\n<h2>Wie kann ich meine Puppe personalisieren?<\/h2>\n<p>Sie k\u00f6nnen Hautfarbe, Gesicht, Per\u00fccke, Augenfarbe, N\u00e4gel, Make-up und weitere Details individuell gestalten. Jedes Modell wird nach Ihren W\u00fcnschen handgefertigt. Besuchen Sie unsere Seite <a href=\"https:\/\/4woods.eu\/de\/silikonpuppen\/optionen\/\">Optionen.<\/a><\/p>\n<\/article>\n<p>[\/vc_column_text][vc_separator color=&#8221;custom&#8221; align=&#8221;align_left&#8221; el_width=&#8221;50&#8243; accent_color=&#8221;#d1004b&#8221; css=&#8221;.vc_custom_1761918527610{padding-top: 50px !important;padding-bottom: 30px !important;}&#8221;][vc_column_text]<\/p>\n<article>\n<h2>Kann ich meinen Besuch im Showroom buchen?<\/h2>\n<p>Ja, Sie k\u00f6nnen einen individuellen Termin in unserem Showroom in Montcenis, Frankreich, vereinbaren. Der Besuch kostet 100 \u20ac, die bei einer sp\u00e4teren Bestellung vollst\u00e4ndig angerechnet werden.<\/p>\n<\/article>\n<p>[\/vc_column_text][vc_separator color=&#8221;custom&#8221; el_width=&#8221;70&#8243; accent_color=&#8221;#d1004b&#8221; css=&#8221;.vc_custom_1761918593357{padding-top: 30px !important;padding-bottom: 50px !important;}&#8221;][vc_column_text]<\/p>\n<p style=\"text-align: center;\">Entdecken Sie unsere <a href=\"https:\/\/4woods.eu\/de\/silikonpuppen\/\">Silikonpuppen<\/a>, unsere <a href=\"https:\/\/4woods.eu\/de\/silikonpuppen-service-preise\/\">exklusiven Dienstleistungen<\/a>, lesen Sie die <a href=\"https:\/\/4woods.eu\/de\/faq-silikonpuppen\/ausfuehrliche-faq-silikonpuppen\/\">ausf\u00fchrliche FAQ<\/a>, oder <a href=\"https:\/\/4woods.eu\/de\/kontaktformular\/\">kontaktieren Sie uns<\/a> bei weiteren Fragen.<\/p>\n<p>[\/vc_column_text][vc_raw_html]JTNDJTJGbWFpbiUzRSUwQSUzQyUyMS0tJTIwRmluJTIwY29udGVudSUyMHByaW5jaXBhbCUyMC0tJTNF[\/vc_raw_html][\/vc_column][vc_column width=&#8221;1\/4&#8243;][\/vc_column][\/vc_row][vc_row full_width=&#8221;stretch_row_content_no_spaces&#8221; css=&#8221;.vc_custom_1762101425610{padding-top: 0px !important;background-color: #070301 !important;}&#8221;][vc_column][vc_single_image image=&#8221;19137&#8243; img_size=&#8221;full&#8221;][\/vc_column][\/vc_row]<\/p>\n","protected":false},"excerpt":{"rendered":"<p>&#8230;<\/p>\n","protected":false},"author":1,"featured_media":19137,"parent":0,"menu_order":0,"comment_status":"closed","ping_status":"closed","template":"","meta":{"footnotes":""},"class_list":["post-19064","page","type-page","status-publish","has-post-thumbnail","hentry"],"yoast_head":"<!-- This site is optimized with the Yoast SEO Premium plugin v27.5 (Yoast SEO v27.5) - https:\/\/yoast.com\/product\/yoast-seo-premium-wordpress\/ -->\n<title>H\u00e4ufig gestellte Fragen zu den Silikonpuppen von 4Woods Europe<\/title>\n<meta name=\"description\" content=\"H\u00e4ufig gestellte Fragen zu den Silikonpuppen von 4Woods Europe: Herstellung, Garantie, Lieferung, Personalisierung.\" \/>\n<meta name=\"robots\" content=\"index, follow, max-snippet:-1, max-image-preview:large, max-video-preview:-1\" \/>\n<link rel=\"canonical\" href=\"https:\/\/4woods.eu\/de\/faq-silikonpuppen\/\" \/>\n<meta property=\"og:locale\" content=\"de_DE\" \/>\n<meta property=\"og:type\" content=\"article\" \/>\n<meta property=\"og:title\" content=\"FAQs H\u00e4ufig gestellte Fragen zu den Silikonpuppen von 4Woods Europe\" \/>\n<meta property=\"og:description\" content=\"H\u00e4ufig gestellte Fragen zu den Silikonpuppen von 4Woods Europe: Herstellung, Garantie, Lieferung, Personalisierung.\" \/>\n<meta property=\"og:url\" content=\"https:\/\/4woods.eu\/de\/faq-silikonpuppen\/\" \/>\n<meta property=\"og:site_name\" content=\"4woods\" \/>\n<meta property=\"article:modified_time\" content=\"2025-11-02T16:37:08+00:00\" \/>\n<meta property=\"og:image\" content=\"https:\/\/4woods.eu\/wp-content\/uploads\/2025\/10\/silicone-texture-4woods-europe.jpg\" \/>\n\t<meta property=\"og:image:width\" content=\"1920\" \/>\n\t<meta property=\"og:image:height\" content=\"800\" \/>\n\t<meta property=\"og:image:type\" content=\"image\/jpeg\" \/>\n<meta name=\"twitter:card\" content=\"summary_large_image\" \/>\n<meta name=\"twitter:title\" content=\"FAQs H\u00e4ufig gestellte Fragen zu den Silikonpuppen von 4Woods Europe\" \/>\n<meta name=\"twitter:description\" content=\"H\u00e4ufig gestellte Fragen zu den Silikonpuppen von 4Woods Europe: Herstellung, Garantie, Lieferung, Personalisierung.\" \/>\n<meta name=\"twitter:label1\" content=\"Gesch\u00e4tzte Lesezeit\" \/>\n\t<meta name=\"twitter:data1\" content=\"4\u00a0Minuten\" \/>\n<!-- \/ Yoast SEO Premium plugin. -->","yoast_head_json":{"title":"H\u00e4ufig gestellte Fragen zu den Silikonpuppen von 4Woods Europe","description":"H\u00e4ufig gestellte Fragen zu den Silikonpuppen von 4Woods Europe: Herstellung, Garantie, Lieferung, Personalisierung.","robots":{"index":"index","follow":"follow","max-snippet":"max-snippet:-1","max-image-preview":"max-image-preview:large","max-video-preview":"max-video-preview:-1"},"canonical":"https:\/\/4woods.eu\/de\/faq-silikonpuppen\/","og_locale":"de_DE","og_type":"article","og_title":"FAQs H\u00e4ufig gestellte Fragen zu den Silikonpuppen von 4Woods Europe","og_description":"H\u00e4ufig gestellte Fragen zu den Silikonpuppen von 4Woods Europe: Herstellung, Garantie, Lieferung, Personalisierung.","og_url":"https:\/\/4woods.eu\/de\/faq-silikonpuppen\/","og_site_name":"4woods","article_modified_time":"2025-11-02T16:37:08+00:00","og_image":[{"width":1920,"height":800,"url":"https:\/\/4woods.eu\/wp-content\/uploads\/2025\/10\/silicone-texture-4woods-europe.jpg","type":"image\/jpeg"}],"twitter_card":"summary_large_image","twitter_title":"FAQs H\u00e4ufig gestellte Fragen zu den Silikonpuppen von 4Woods Europe","twitter_description":"H\u00e4ufig gestellte Fragen zu den Silikonpuppen von 4Woods Europe: Herstellung, Garantie, Lieferung, Personalisierung.","twitter_misc":{"Gesch\u00e4tzte Lesezeit":"4\u00a0Minuten"},"schema":{"@context":"https:\/\/schema.org","@graph":[{"@type":"WebPage","@id":"https:\/\/4woods.eu\/de\/faq-silikonpuppen\/","url":"https:\/\/4woods.eu\/de\/faq-silikonpuppen\/","name":"H\u00e4ufig gestellte Fragen zu den Silikonpuppen von 4Woods Europe","isPartOf":{"@id":"https:\/\/4woods.eu\/de\/#website"},"primaryImageOfPage":{"@id":"https:\/\/4woods.eu\/de\/faq-silikonpuppen\/#primaryimage"},"image":{"@id":"https:\/\/4woods.eu\/de\/faq-silikonpuppen\/#primaryimage"},"thumbnailUrl":"https:\/\/e7j6pxag7o8.exactdn.com\/wp-content\/uploads\/2025\/10\/silicone-texture-4woods-europe.jpg?strip=all","datePublished":"2025-10-30T14:49:46+00:00","dateModified":"2025-11-02T16:37:08+00:00","description":"H\u00e4ufig gestellte Fragen zu den Silikonpuppen von 4Woods Europe: Herstellung, Garantie, Lieferung, Personalisierung.","breadcrumb":{"@id":"https:\/\/4woods.eu\/de\/faq-silikonpuppen\/#breadcrumb"},"inLanguage":"de","potentialAction":[{"@type":"ReadAction","target":["https:\/\/4woods.eu\/de\/faq-silikonpuppen\/"]}]},{"@type":"ImageObject","inLanguage":"de","@id":"https:\/\/4woods.eu\/de\/faq-silikonpuppen\/#primaryimage","url":"https:\/\/e7j6pxag7o8.exactdn.com\/wp-content\/uploads\/2025\/10\/silicone-texture-4woods-europe.jpg?strip=all","contentUrl":"https:\/\/e7j6pxag7o8.exactdn.com\/wp-content\/uploads\/2025\/10\/silicone-texture-4woods-europe.jpg?strip=all","width":1920,"height":800,"caption":"Soft Skin Silikon \u2013 handgefertigter Realismus von 4Woods Europe"},{"@type":"WebSite","@id":"https:\/\/4woods.eu\/de\/#website","url":"https:\/\/4woods.eu\/de\/","name":"4woods","description":"Fabricant et vendeur fran\u00e7ais de poup\u00e9es en silicone pour adultes","publisher":{"@id":"https:\/\/4woods.eu\/de\/#organization"},"potentialAction":[{"@type":"SearchAction","target":{"@type":"EntryPoint","urlTemplate":"https:\/\/4woods.eu\/de\/?s={search_term_string}"},"query-input":{"@type":"PropertyValueSpecification","valueRequired":true,"valueName":"search_term_string"}}],"inLanguage":"de"},{"@type":"Organization","@id":"https:\/\/4woods.eu\/de\/#organization","name":"4Woods Europe","url":"https:\/\/4woods.eu\/de\/","logo":{"@type":"ImageObject","inLanguage":"de","@id":"https:\/\/4woods.eu\/de\/#\/schema\/logo\/image\/","url":"https:\/\/e7j6pxag7o8.exactdn.com\/wp-content\/uploads\/2017\/09\/logo-4woods-red-2.jpg?strip=all&lossy=0&ssl=1","contentUrl":"https:\/\/e7j6pxag7o8.exactdn.com\/wp-content\/uploads\/2017\/09\/logo-4woods-red-2.jpg?strip=all&lossy=0&ssl=1","width":826,"height":495,"caption":"4Woods Europe"},"image":{"@id":"https:\/\/4woods.eu\/de\/#\/schema\/logo\/image\/"},"sameAs":["https:\/\/www.instagram.com\/4woods_europe\/"]}]}},"_links":{"self":[{"href":"https:\/\/4woods.eu\/de\/wp-json\/wp\/v2\/pages\/19064","targetHints":{"allow":["GET"]}}],"collection":[{"href":"https:\/\/4woods.eu\/de\/wp-json\/wp\/v2\/pages"}],"about":[{"href":"https:\/\/4woods.eu\/de\/wp-json\/wp\/v2\/types\/page"}],"author":[{"embeddable":true,"href":"https:\/\/4woods.eu\/de\/wp-json\/wp\/v2\/users\/1"}],"replies":[{"embeddable":true,"href":"https:\/\/4woods.eu\/de\/wp-json\/wp\/v2\/comments?post=19064"}],"version-history":[{"count":19,"href":"https:\/\/4woods.eu\/de\/wp-json\/wp\/v2\/pages\/19064\/revisions"}],"predecessor-version":[{"id":19302,"href":"https:\/\/4woods.eu\/de\/wp-json\/wp\/v2\/pages\/19064\/revisions\/19302"}],"wp:featuredmedia":[{"embeddable":true,"href":"https:\/\/4woods.eu\/de\/wp-json\/wp\/v2\/media\/19137"}],"wp:attachment":[{"href":"https:\/\/4woods.eu\/de\/wp-json\/wp\/v2\/media?parent=19064"}],"curies":[{"name":"wp","href":"https:\/\/api.w.org\/{rel}","templated":true}]}}