{"id":18407,"date":"2024-03-21T12:42:48","date_gmt":"2024-03-21T11:42:48","guid":{"rendered":"https:\/\/www.4woods.eu\/?page_id=18407"},"modified":"2025-11-11T13:03:31","modified_gmt":"2025-11-11T12:03:31","slug":"korper-venus","status":"publish","type":"page","link":"https:\/\/4woods.eu\/de\/silikonpuppen\/korper-venus\/","title":{"rendered":"Das K\u00f6rper Venus"},"content":{"rendered":"<p>[vc_row full_width=&#8221;stretch_row_content_no_spaces&#8221; css=&#8221;.vc_custom_1710948507594{padding-top: 20px !important;padding-bottom: 10px !important;background-color: #141b1f !important;background-position: center !important;background-repeat: no-repeat !important;background-size: cover !important;}&#8221;][vc_column][vc_custom_heading text=&#8221;Die Ko\u0308rper unserer Silikon Sexpuppen&#8221; font_container=&#8221;tag:h1|font_size:10|text_align:center|color:%23ffffff&#8221;][\/vc_column][\/vc_row][vc_row full_width=&#8221;stretch_row_content_no_spaces&#8221; css=&#8221;.vc_custom_1710948781012{padding-top: 15px !important;padding-bottom: 15px !important;background-color: #141b1f !important;background-position: center !important;background-repeat: no-repeat !important;background-size: cover !important;}&#8221;][vc_column][vc_column_text]<\/p>\n<h1 style=\"text-align: center;\"><span style=\"color: #ffffff;\">Das K\u00f6rper Venus<\/span><\/h1>\n<p>[\/vc_column_text][\/vc_column][\/vc_row][vc_row gap=&#8221;25&#8243; css=&#8221;.vc_custom_1710949905248{padding-right: 20px !important;padding-bottom: 50px !important;padding-left: 20px !important;}&#8221;][vc_column width=&#8221;3\/5&#8243;][vc_column_text]<\/p>\n<h5>Entschlossen gro\u00dfz\u00fcgig, die sinnlichste Liebespuppe in der Serie!<\/h5>\n<p align=\"justify\">Unser Venus-Modell ist weit mehr als nur eine einfache Puppe: Sie verk\u00f6rpert das Wesen der Gro\u00dfz\u00fcgigkeit selbst. Konzipiert, um Liebhaberinnen der runden Formen des weiblichen Geschlechts zu befriedigen, ist der Venus-K\u00f6rper ein Meisterwerk der Sinnlichkeit.<\/p>\n<p>Dieser K\u00f6rper wurde mit einem Motto entworfen: Genuss.<\/p>\n<p align=\"justify\">Jede Kurve, jede Kontur dieser Puppe ist sorgf\u00e4ltig geformt, um einen \u00fcppigen Griff zu bieten. Die Venus-Puppe wird Sie st\u00e4ndig dazu einladen, sie zu ber\u00fchren und sinnliche Freuden zu genie\u00dfen. Ihre Formen sind harmonisch und ausgewogen, sie bieten ein Bild, das einer G\u00f6ttin der Weiblichkeit und Fruchtbarkeit w\u00fcrdig ist.<\/p>\n<p align=\"justify\">Die Venus-Puppe wird Sie mit ihrem weichen und sinnlichen Kontakt erf\u00fcllen.<\/p>\n<p align=\"justify\">Obwohl volumin\u00f6ser, wiegt die Venus-Puppe etwa 32 kg, was sie zu einem relativ einfach zu handhabenden K\u00f6rper macht.<\/p>\n<p>[\/vc_column_text][\/vc_column][vc_column width=&#8221;2\/5&#8243;][vc_column_text css=&#8221;.vc_custom_1710950762793{margin-top: 40px !important;margin-bottom: 15px !important;padding-left: 5px !important;background-color: #141b1f !important;}&#8221;]<span style=\"color: #ffffff;\">Merkmale des Venus Ko\u0308rpers:<\/span>[\/vc_column_text][vc_column_text css=&#8221;.vc_custom_1710947712953{margin-top: 15px !important;margin-bottom: 15px !important;padding-left: 5px !important;}&#8221;]Gr\u00f6\u00dfe: 159cm[\/vc_column_text][vc_column_text css=&#8221;.vc_custom_1710948380412{margin-top: 15px !important;margin-bottom: 15px !important;padding-left: 5px !important;background-color: #141b1f !important;}&#8221;]<span style=\"color: #ffffff;\">Gewicht: 32kg<\/span>[\/vc_column_text][vc_column_text css=&#8221;.vc_custom_1710947766709{margin-top: 15px !important;margin-bottom: 15px !important;padding-left: 5px !important;}&#8221;]K\u00f6rperma\u00dfe: 93\/62\/95 cm[\/vc_column_text][vc_column_text css=&#8221;.vc_custom_1710948362966{margin-top: 15px !important;margin-bottom: 15px !important;padding-left: 5px !important;background-color: #141b1f !important;}&#8221;]<span style=\"color: #ffffff;\">Schuhgr\u00f6\u00dfe: 38<\/span>[\/vc_column_text][vc_column_text css=&#8221;.vc_custom_1710947776519{margin-top: 15px !important;margin-bottom: 15px !important;padding-left: 5px !important;}&#8221;]Gr\u00f6\u00dfe Kleidung: M[\/vc_column_text][vc_column_text css=&#8221;.vc_custom_1710948451871{margin-top: 15px !important;margin-bottom: 15px !important;padding-left: 5px !important;background-color: #141b1f !important;}&#8221;]<span style=\"color: #ffffff;\">K\u00f6rbchengr\u00f6\u00dfe : 80H<\/span>[\/vc_column_text][vc_message css=&#8221;.vc_custom_1710950838251{margin-top: 50px !important;padding-top: 25px !important;padding-bottom: 25px !important;}&#8221;]<u>Vorteil<\/u>: Der Venus-K\u00f6rper kann aufrecht stehen, gest\u00fctzt an einer Wand.[\/vc_message][\/vc_column][\/vc_row][vc_row full_width=&#8221;stretch_row_content_no_spaces&#8221; gap=&#8221;10&#8243; equal_height=&#8221;yes&#8221;][vc_column width=&#8221;1\/2&#8243; css=&#8221;.vc_custom_1710939522695{padding-top: 300px !important;padding-bottom: 300px !important;background-image: url(https:\/\/4woods.eu\/wp-content\/uploads\/2024\/03\/venus-poupee-silicone-8.jpg?id=18437) !important;background-position: center !important;background-repeat: no-repeat !important;background-size: cover !important;}&#8221;][\/vc_column][vc_column width=&#8221;1\/2&#8243; css=&#8221;.vc_custom_1710939145620{padding-top: 500px !important;padding-bottom: 500px !important;background-image: url(https:\/\/4woods.eu\/wp-content\/uploads\/2024\/03\/venus-poupee-silicone-1.jpg?id=18413) !important;background-position: center !important;background-repeat: no-repeat !important;background-size: cover !important;}&#8221;][\/vc_column][\/vc_row][vc_row full_width=&#8221;stretch_row_content_no_spaces&#8221; gap=&#8221;10&#8243; equal_height=&#8221;yes&#8221; css=&#8221;.vc_custom_1570465345205{margin-top: 10px !important;}&#8221;][vc_column width=&#8221;1\/3&#8243; css=&#8221;.vc_custom_1710939703453{padding-top: 300px !important;padding-bottom: 300px !important;background-image: url(https:\/\/4woods.eu\/wp-content\/uploads\/2024\/03\/venus-poupee-silicone-4.jpg?id=18422) !important;background-position: center !important;background-repeat: no-repeat !important;background-size: cover !important;}&#8221;][\/vc_column][vc_column width=&#8221;2\/3&#8243; css=&#8221;.vc_custom_1710939733133{padding-top: 300px !important;padding-bottom: 300px !important;background-image: url(https:\/\/4woods.eu\/wp-content\/uploads\/2024\/03\/venus-poupee-silicone-7.jpg?id=18431) !important;background-position: center !important;background-repeat: no-repeat !important;background-size: cover !important;}&#8221;][\/vc_column][\/vc_row][vc_row full_width=&#8221;stretch_row_content_no_spaces&#8221; gap=&#8221;10&#8243; equal_height=&#8221;yes&#8221; css=&#8221;.vc_custom_1570465345205{margin-top: 10px !important;}&#8221;][vc_column width=&#8221;3\/4&#8243; css=&#8221;.vc_custom_1710939763650{padding-top: 300px !important;padding-bottom: 300px !important;background-image: url(https:\/\/4woods.eu\/wp-content\/uploads\/2024\/03\/venus-poupee-silicone-3.jpg?id=18419) !important;background-position: center !important;background-repeat: no-repeat !important;background-size: cover !important;}&#8221;][\/vc_column][vc_column width=&#8221;1\/4&#8243; css=&#8221;.vc_custom_1710940011622{padding-top: 300px !important;padding-bottom: 300px !important;background-image: url(https:\/\/4woods.eu\/wp-content\/uploads\/2024\/03\/venus-poupee-silicone-9.jpg?id=18443) !important;background-position: center !important;background-repeat: no-repeat !important;background-size: cover !important;}&#8221;][\/vc_column][\/vc_row][vc_row css=&#8221;.vc_custom_1762862600623{padding-top: 40px !important;padding-bottom: 40px !important;}&#8221;][vc_column width=&#8221;1\/4&#8243;][\/vc_column][vc_column width=&#8221;1\/2&#8243;][vc_column_text el_class=&#8221;commande-cta&#8221;]<\/p>\n<div class=\"commande-cta\"><a href=\"https:\/\/4woods.eu\/de\/silikonpuppen\/\" rel=\"up\">\u2190 Zur\u00fcck zur Kollektion<\/a><\/div>\n<p>[\/vc_column_text][\/vc_column][vc_column width=&#8221;1\/4&#8243;][\/vc_column][\/vc_row][vc_row css=&#8221;.vc_custom_1710951976861{margin-top: 80px !important;}&#8221;][vc_column width=&#8221;1\/4&#8243;][\/vc_column][vc_column width=&#8221;1\/2&#8243;][vc_column_text]<\/p>\n<h5 style=\"text-align: center;\">Die Fotogalerien des Venus-K\u00f6rpers:<\/h5>\n<p>[\/vc_column_text][vc_separator color=&#8221;custom&#8221; accent_color=&#8221;#d7d6bf&#8221; css=&#8221;.vc_custom_1570294986609{padding-top: 25px !important;padding-bottom: 25px !important;}&#8221;][\/vc_column][vc_column width=&#8221;1\/4&#8243;][\/vc_column][\/vc_row][vc_row][vc_column][vc_column_text]<div class='white' style='background:rgb(255, 255, 255); border:solid 0px rgb(255, 255, 255); border-radius:0px; padding:8px 8px 8px 8px;'>\n<div id='slider_18521' class='owl-carousel sa_owl_theme autohide-arrows' data-slider-id='slider_18521' style='visibility:hidden;'>\n<div id='slider_18521_slide02' class='sa_hover_container' style='padding:5% 5%; margin:0px 1.5%; background-image:url(&quot;https:\/\/e7j6pxag7o8.exactdn.com\/wp-content\/uploads\/2024\/03\/poupee-dolls-ella-4.jpg?strip=all&quot;); background-position:left center; background-size:cover; background-repeat:no-repeat; background-color:rgb(255, 255, 255); '><div class='sa_hover_buttons' style='top:50%; left:50%; margin-top:-20px; margin-left:-20px;'><a class='sa_slide_link_icon' href='https:\/\/4woods.eu\/de\/silikonpuppen\/gesicht-ella\/#ellavenus1de' target='_self' title='' aria-label=''><\/a><\/div>\n<\/div>\n<div id='slider_18521_slide03' class='sa_hover_container' style='padding:5% 5%; margin:0px 1.5%; background-image:url(&quot;https:\/\/e7j6pxag7o8.exactdn.com\/wp-content\/uploads\/2024\/03\/poupee-silicone-milla-5.jpg?strip=all&quot;); background-position:left center; background-size:cover; background-repeat:no-repeat; background-color:rgb(255, 255, 255); '><div class='sa_hover_buttons' style='top:50%; left:50%; margin-top:-20px; margin-left:-20px;'><a class='sa_slide_link_icon' href='https:\/\/4woods.eu\/de\/silikonpuppen\/gesicht-milla\/#millavenus1de' target='_self' title='' aria-label=''><\/a><\/div>\n<\/div>\n<div id='slider_18521_slide01' class='sa_hover_container' style='padding:5% 5%; margin:0px 1.5%; background-image:url(&quot;https:\/\/e7j6pxag7o8.exactdn.com\/wp-content\/uploads\/2024\/03\/love-doll-marina-3.jpg?strip=all&quot;); background-position:left center; background-size:cover; background-repeat:no-repeat; background-color:rgb(255, 255, 255); '><div class='sa_hover_buttons' style='top:50%; left:50%; margin-top:-20px; margin-left:-20px;'><a class='sa_slide_link_icon' href='https:\/\/4woods.eu\/de\/silikonpuppen\/gesicht-marina\/#marinavenus1de' target='_self' title='' aria-label=''><\/a><\/div>\n<\/div>\n<div id='slider_18521_slide04' class='sa_hover_container' style='padding:5% 5%; margin:0px 1.5%; background-image:url(&quot;https:\/\/e7j6pxag7o8.exactdn.com\/wp-content\/uploads\/2024\/03\/poupee-sexuelle-sandra-5.jpg?strip=all&quot;); background-position:left center; background-size:cover; background-repeat:no-repeat; background-color:rgb(255, 255, 255); '><div class='sa_hover_buttons' style='top:50%; left:50%; margin-top:-20px; margin-left:-20px;'><a class='sa_slide_link_icon' href='https:\/\/4woods.eu\/de\/silikonpuppen\/gesicht-sandra\/#sandravenus1de' target='_self' title='' aria-label=''><\/a><\/div>\n<\/div>\n<div id='slider_18521_slide05' class='sa_hover_container' style='padding:5% 5%; margin:0px 1.5%; background-image:url(&quot;https:\/\/e7j6pxag7o8.exactdn.com\/wp-content\/uploads\/2024\/03\/poupee-sexuelle-lucy-6.jpg?strip=all&quot;); background-position:left center; background-size:cover; background-repeat:no-repeat; background-color:rgb(255, 255, 255); '><div class='sa_hover_buttons' style='top:50%; left:50%; margin-top:-20px; margin-left:-20px;'><a class='sa_slide_link_icon' href='https:\/\/4woods.eu\/de\/silikonpuppen\/gesicht-lucy\/#lucyvenus1de' target='_self' title='' aria-label=''><\/a><\/div>\n<\/div>\n<\/div>\n<\/div>\n<script type='text\/javascript'>\n\tjQuery(document).ready(function() {\n\t\tjQuery('#slider_18521').owlCarousel({\n\t\t\tresponsive:{\n\t\t\t\t0:{ items:2 },\n\t\t\t\t480:{ items:3 },\n\t\t\t\t768:{ items:3 },\n\t\t\t\t980:{ items:4 },\n\t\t\t\t1200:{ items:4 },\n\t\t\t\t1500:{ items:4 }\n\t\t\t},\n\t\t\tautoplay : true,\n\t\t\tautoplayTimeout : 4000,\n\t\t\tautoplayHoverPause : true,\n\t\t\tsmartSpeed : 300,\n\t\t\tfluidSpeed : 300,\n\t\t\tautoplaySpeed : 300,\n\t\t\tnavSpeed : 300,\n\t\t\tdotsSpeed : 300,\n\t\t\tloop : true,\n\t\t\tnav : true,\n\t\t\tnavText : ['Previous','Next'],\n\t\t\tdots : false,\n\t\t\tresponsiveRefreshRate : 200,\n\t\t\tslideBy : 1,\n\t\t\tmergeFit : true,\n\t\t\tautoHeight : false,\n\t\t\tmouseDrag : false,\n\t\t\ttouchDrag : true\n\t\t});\n\t\tjQuery('#slider_18521').css('visibility', 'visible');\n\t\tsa_resize_slider_18521();\n\t\twindow.addEventListener('resize', sa_resize_slider_18521);\n\t\tfunction sa_resize_slider_18521() {\n\t\t\tvar min_height = '128';\n\t\t\tvar win_width = jQuery(window).width();\n\t\t\tvar slider_width = jQuery('#slider_18521').width();\n\t\t\tif (win_width < 480) {\n\t\t\t\tvar slide_width = slider_width \/ 2;\n\t\t\t} else if (win_width < 768) {\n\t\t\t\tvar slide_width = slider_width \/ 3;\n\t\t\t} else if (win_width < 980) {\n\t\t\t\tvar slide_width = slider_width \/ 3;\n\t\t\t} else if (win_width < 1200) {\n\t\t\t\tvar slide_width = slider_width \/ 4;\n\t\t\t} else if (win_width < 1500) {\n\t\t\t\tvar slide_width = slider_width \/ 4;\n\t\t\t} else {\n\t\t\t\tvar slide_width = slider_width \/ 4;\n\t\t\t}\n\t\t\tslide_width = Math.round(slide_width);\n\t\t\tvar slide_height = '0';\n\t\t\tif (min_height == 'aspect43') {\n\t\t\t\tslide_height = (slide_width \/ 4) * 3;\t\t\t\tslide_height = Math.round(slide_height);\n\t\t\t} else if (min_height == 'aspect169') {\n\t\t\t\tslide_height = (slide_width \/ 16) * 9;\t\t\t\tslide_height = Math.round(slide_height);\n\t\t\t} else {\n\t\t\t\tslide_height = (slide_width \/ 100) * min_height;\t\t\t\tslide_height = Math.round(slide_height);\n\t\t\t}\n\t\t\tjQuery('#slider_18521 .owl-item .sa_hover_container').css('min-height', slide_height+'px');\n\t\t}\n\t\tvar owl_goto = jQuery('#slider_18521');\n\t\tjQuery('.slider_18521_goto1').click(function(event){\n\t\t\towl_goto.trigger('to.owl.carousel', 0);\n\t\t});\n\t\tjQuery('.slider_18521_goto2').click(function(event){\n\t\t\towl_goto.trigger('to.owl.carousel', 1);\n\t\t});\n\t\tjQuery('.slider_18521_goto3').click(function(event){\n\t\t\towl_goto.trigger('to.owl.carousel', 2);\n\t\t});\n\t\tjQuery('.slider_18521_goto4').click(function(event){\n\t\t\towl_goto.trigger('to.owl.carousel', 3);\n\t\t});\n\t\tjQuery('.slider_18521_goto5').click(function(event){\n\t\t\towl_goto.trigger('to.owl.carousel', 4);\n\t\t});\n\t\tvar resize_18521 = jQuery('.owl-carousel');\n\t\tresize_18521.on('initialized.owl.carousel', function(e) {\n\t\t\tif (typeof(Event) === 'function') {\n\t\t\t\twindow.dispatchEvent(new Event('resize'));\n\t\t\t} else {\n\t\t\t\tvar evt = window.document.createEvent('UIEvents');\n\t\t\t\tevt.initUIEvent('resize', true, false, window, 0);\n\t\t\t\twindow.dispatchEvent(evt);\n\t\t\t}\n\t\t});\n\t});\n<\/script>\n[\/vc_column_text][\/vc_column][\/vc_row][vc_row css=&#8221;.vc_custom_1710951985296{margin-top: 80px !important;}&#8221;][vc_column width=&#8221;1\/4&#8243;][vc_column_text][\/vc_column_text][\/vc_column][vc_column width=&#8221;1\/2&#8243;][vc_column_text]<\/p>\n<h5 style=\"text-align: center;\">Sehen Sie sich unsere anderen Puppenko\u0308rper an:<\/h5>\n<p>[\/vc_column_text][vc_separator color=&#8221;custom&#8221; accent_color=&#8221;#d7d6bf&#8221; css=&#8221;.vc_custom_1570294986609{padding-top: 25px !important;padding-bottom: 25px !important;}&#8221;][\/vc_column][vc_column width=&#8221;1\/4&#8243;][\/vc_column][\/vc_row][vc_row css=&#8221;.vc_custom_1710952716948{margin-bottom: 80px !important;}&#8221;][vc_column][vc_row_inner][vc_column_inner width=&#8221;1\/3&#8243;][mvc_ihe hover_effect=&#8221;square effect13 left_to_right&#8221; image_id=&#8221;9842&#8243; alt=&#8221;AI NEO Im K\u00f6rper, Sexpuppe aus Silikon&#8221; caption_bg=&#8221;rgba(53,32,19,0.74)&#8221; caption_url=&#8221;url:https%3A%2F%2F4woods.eu%2Fde%2Fsilikonpuppen%2Fkorper-aineoim%2F|title:Das%20K%C3%B6rper%20AI%20NEO%20Im||&#8221;]<\/p>\n<h3>AI NEO Im K\u00f6rper<\/h3>\n<p><span class=\"tlid-translation translation\" lang=\"de\"><span class=\"\" title=\"\">Gr\u00f6\u00dfe<\/span><\/span>: 160cm<br \/>\n<span class=\"tlid-translation translation\" lang=\"de\"><span class=\"\" title=\"\">Gewicht<\/span><\/span>: 30kg<br \/>\nK\u00f6rperma\u00dfe: 85\/63\/90 cm<br \/>\n<span class=\"tlid-translation translation\" lang=\"de\"><span class=\"\" title=\"\">Schuhgr\u00f6\u00dfe<\/span><\/span>: 38<br \/>\nGr\u00f6\u00dfe Kleidung: S<br \/>\nK\u00f6rbchengr\u00f6\u00dfe: 85C<\/p>\n<p>[\/mvc_ihe][\/vc_column_inner][vc_column_inner width=&#8221;1\/3&#8243;][mvc_ihe hover_effect=&#8221;square effect13 left_to_right&#8221; image_id=&#8221;17753&#8243; alt=&#8221;AI Doll S+ K\u00f6rper, Sexpuppe aus Silikon&#8221; caption_bg=&#8221;rgba(53,32,19,0.74)&#8221; caption_url=&#8221;url:https%3A%2F%2F4woods.eu%2Fde%2Fsilikonpuppen%2Fkorper-aidolls%2F|title:Das%20K%C3%B6rper%20AI%20Doll%20S%2B||&#8221;]<\/p>\n<h3>AI Doll S+ K\u00f6rper<\/h3>\n<p><span class=\"tlid-translation translation\" lang=\"de\"><span class=\"\" title=\"\">Gr\u00f6\u00dfe<\/span><\/span>: 160cm<br \/>\n<span class=\"tlid-translation translation\" lang=\"de\"><span class=\"\" title=\"\">Gewicht<\/span><\/span>: 28kg<br \/>\nK\u00f6rperma\u00dfe: 77\/56\/85 cm<br \/>\n<span class=\"tlid-translation translation\" lang=\"de\"><span class=\"\" title=\"\">Schuhgr\u00f6\u00dfe<\/span><\/span>: 38<br \/>\nGr\u00f6\u00dfe Kleidung: XS\/S<br \/>\nK\u00f6rbchengr\u00f6\u00dfe: 80A<\/p>\n<p>&nbsp;<\/p>\n<p>[\/mvc_ihe][\/vc_column_inner][vc_column_inner width=&#8221;1\/3&#8243;][mvc_ihe hover_effect=&#8221;square effect13 left_to_right&#8221; image_id=&#8221;17810&#8243; alt=&#8221;AI Doll Max K\u00f6rper, Sexpuppe aus Silikon&#8221; caption_bg=&#8221;rgba(53,32,19,0.74)&#8221; caption_url=&#8221;url:https%3A%2F%2F4woods.eu%2Fde%2Fsilikonpuppen%2Fkorper-aidollmax%2F|title:Das%20K%C3%B6rper%20AI%20Doll%20Max||&#8221;]<\/p>\n<h3>AI Doll Max K\u00f6rper<\/h3>\n<p><span class=\"tlid-translation translation\" lang=\"de\"><span class=\"\" title=\"\">Gr\u00f6\u00dfe<\/span><\/span>: 160cm<br \/>\n<span class=\"tlid-translation translation\" lang=\"de\"><span class=\"\" title=\"\">Gewicht<\/span><\/span>: 29kg<br \/>\nK\u00f6rperma\u00dfe: 83\/61\/85 cm<br \/>\n<span class=\"tlid-translation translation\" lang=\"de\"><span class=\"\" title=\"\">Schuhgr\u00f6\u00dfe<\/span><\/span>: 38<br \/>\nGr\u00f6\u00dfe Kleidung: XS\/S<br \/>\nK\u00f6rbchengr\u00f6\u00dfe: 80D<\/p>\n<p>[\/mvc_ihe][\/vc_column_inner][\/vc_row_inner][\/vc_column][\/vc_row]<\/p>\n","protected":false},"excerpt":{"rendered":"<p>&#8230;<\/p>\n","protected":false},"author":1,"featured_media":18415,"parent":13811,"menu_order":0,"comment_status":"closed","ping_status":"closed","template":"","meta":{"footnotes":""},"class_list":["post-18407","page","type-page","status-publish","has-post-thumbnail","hentry"],"yoast_head":"<!-- This site is optimized with the Yoast SEO Premium plugin v27.4 (Yoast SEO v27.4) - https:\/\/yoast.com\/product\/yoast-seo-premium-wordpress\/ -->\n<title>Das K\u00f6rper Venus | Silikonpuppen f\u00fcr Sex | 4Woods Europe<\/title>\n<meta name=\"description\" content=\"Silikon Sexpuppenko\u0308rper in menschlicher Gro\u0308\u00dfe. 100% Silikon. Franzo\u0308sische Herstellung. Das Ko\u0308rper Venus. Die scho\u0308nsten Sexpuppen.\" \/>\n<meta name=\"robots\" content=\"index, follow, max-snippet:-1, max-image-preview:large, max-video-preview:-1\" \/>\n<link rel=\"canonical\" href=\"https:\/\/4woods.eu\/de\/silikonpuppen\/korper-venus\/\" \/>\n<meta property=\"og:locale\" content=\"de_DE\" \/>\n<meta property=\"og:type\" content=\"article\" \/>\n<meta property=\"og:title\" content=\"Das K\u00f6rper Venus - Silikonpuppen aus Silikon - 4Woods Europe\" \/>\n<meta property=\"og:description\" content=\"Silikon Sexpuppenko\u0308rper in menschlicher Gro\u0308\u00dfe. 100% Silikon. Franzo\u0308sische Herstellung. Das K\u00f6rper Venus. Die scho\u0308nsten Sexpuppen.\" \/>\n<meta property=\"og:url\" content=\"https:\/\/4woods.eu\/de\/silikonpuppen\/korper-venus\/\" \/>\n<meta property=\"og:site_name\" content=\"4woods\" \/>\n<meta property=\"article:modified_time\" content=\"2025-11-11T12:03:31+00:00\" \/>\n<meta property=\"og:image\" content=\"https:\/\/4woods.eu\/wp-content\/uploads\/2019\/09\/poupee-silicone-elina-5.jpg\" \/>\n\t<meta property=\"og:image:width\" content=\"1500\" \/>\n\t<meta property=\"og:image:height\" content=\"997\" \/>\n\t<meta property=\"og:image:type\" content=\"image\/jpeg\" \/>\n<meta name=\"twitter:card\" content=\"summary_large_image\" \/>\n<meta name=\"twitter:title\" content=\"Das K\u00f6rper Venus\" \/>\n<meta name=\"twitter:label1\" content=\"Gesch\u00e4tzte Lesezeit\" \/>\n\t<meta name=\"twitter:data1\" content=\"3\u00a0Minuten\" \/>\n<!-- \/ Yoast SEO Premium plugin. -->","yoast_head_json":{"title":"Das K\u00f6rper Venus | Silikonpuppen f\u00fcr Sex | 4Woods Europe","description":"Silikon Sexpuppenko\u0308rper in menschlicher Gro\u0308\u00dfe. 100% Silikon. Franzo\u0308sische Herstellung. Das Ko\u0308rper Venus. Die scho\u0308nsten Sexpuppen.","robots":{"index":"index","follow":"follow","max-snippet":"max-snippet:-1","max-image-preview":"max-image-preview:large","max-video-preview":"max-video-preview:-1"},"canonical":"https:\/\/4woods.eu\/de\/silikonpuppen\/korper-venus\/","og_locale":"de_DE","og_type":"article","og_title":"Das K\u00f6rper Venus - Silikonpuppen aus Silikon - 4Woods Europe","og_description":"Silikon Sexpuppenko\u0308rper in menschlicher Gro\u0308\u00dfe. 100% Silikon. Franzo\u0308sische Herstellung. Das K\u00f6rper Venus. Die scho\u0308nsten Sexpuppen.","og_url":"https:\/\/4woods.eu\/de\/silikonpuppen\/korper-venus\/","og_site_name":"4woods","article_modified_time":"2025-11-11T12:03:31+00:00","og_image":[{"width":1500,"height":997,"url":"https:\/\/4woods.eu\/wp-content\/uploads\/2019\/09\/poupee-silicone-elina-5.jpg","type":"image\/jpeg"}],"twitter_card":"summary_large_image","twitter_title":"Das K\u00f6rper Venus","twitter_misc":{"Gesch\u00e4tzte Lesezeit":"3\u00a0Minuten"},"schema":{"@context":"https:\/\/schema.org","@graph":[{"@type":"WebPage","@id":"https:\/\/4woods.eu\/de\/silikonpuppen\/korper-venus\/","url":"https:\/\/4woods.eu\/de\/silikonpuppen\/korper-venus\/","name":"Das K\u00f6rper Venus | Silikonpuppen f\u00fcr Sex | 4Woods Europe","isPartOf":{"@id":"https:\/\/4woods.eu\/de\/#website"},"primaryImageOfPage":{"@id":"https:\/\/4woods.eu\/de\/silikonpuppen\/korper-venus\/#primaryimage"},"image":{"@id":"https:\/\/4woods.eu\/de\/silikonpuppen\/korper-venus\/#primaryimage"},"thumbnailUrl":"https:\/\/e7j6pxag7o8.exactdn.com\/wp-content\/uploads\/2024\/03\/venus-poupee-silicone-1.jpg?strip=all","datePublished":"2024-03-21T11:42:48+00:00","dateModified":"2025-11-11T12:03:31+00:00","description":"Silikon Sexpuppenko\u0308rper in menschlicher Gro\u0308\u00dfe. 100% Silikon. Franzo\u0308sische Herstellung. Das Ko\u0308rper Venus. Die scho\u0308nsten Sexpuppen.","breadcrumb":{"@id":"https:\/\/4woods.eu\/de\/silikonpuppen\/korper-venus\/#breadcrumb"},"inLanguage":"de","potentialAction":[{"@type":"ReadAction","target":["https:\/\/4woods.eu\/de\/silikonpuppen\/korper-venus\/"]}]},{"@type":"ImageObject","inLanguage":"de","@id":"https:\/\/4woods.eu\/de\/silikonpuppen\/korper-venus\/#primaryimage","url":"https:\/\/e7j6pxag7o8.exactdn.com\/wp-content\/uploads\/2024\/03\/venus-poupee-silicone-1.jpg?strip=all","contentUrl":"https:\/\/e7j6pxag7o8.exactdn.com\/wp-content\/uploads\/2024\/03\/venus-poupee-silicone-1.jpg?strip=all","width":1000,"height":1333,"caption":"Poup\u00e9e Lovedoll en silicone, corps V\u00e9nus"},{"@type":"WebSite","@id":"https:\/\/4woods.eu\/de\/#website","url":"https:\/\/4woods.eu\/de\/","name":"4woods","description":"Fabricant et vendeur fran\u00e7ais de poup\u00e9es en silicone pour adultes","publisher":{"@id":"https:\/\/4woods.eu\/de\/#organization"},"potentialAction":[{"@type":"SearchAction","target":{"@type":"EntryPoint","urlTemplate":"https:\/\/4woods.eu\/de\/?s={search_term_string}"},"query-input":{"@type":"PropertyValueSpecification","valueRequired":true,"valueName":"search_term_string"}}],"inLanguage":"de"},{"@type":"Organization","@id":"https:\/\/4woods.eu\/de\/#organization","name":"4Woods Europe","url":"https:\/\/4woods.eu\/de\/","logo":{"@type":"ImageObject","inLanguage":"de","@id":"https:\/\/4woods.eu\/de\/#\/schema\/logo\/image\/","url":"https:\/\/e7j6pxag7o8.exactdn.com\/wp-content\/uploads\/2017\/09\/logo-4woods-red-2.jpg?strip=all&lossy=0&ssl=1","contentUrl":"https:\/\/e7j6pxag7o8.exactdn.com\/wp-content\/uploads\/2017\/09\/logo-4woods-red-2.jpg?strip=all&lossy=0&ssl=1","width":826,"height":495,"caption":"4Woods Europe"},"image":{"@id":"https:\/\/4woods.eu\/de\/#\/schema\/logo\/image\/"},"sameAs":["https:\/\/www.instagram.com\/4woods_europe\/"]}]}},"_links":{"self":[{"href":"https:\/\/4woods.eu\/de\/wp-json\/wp\/v2\/pages\/18407","targetHints":{"allow":["GET"]}}],"collection":[{"href":"https:\/\/4woods.eu\/de\/wp-json\/wp\/v2\/pages"}],"about":[{"href":"https:\/\/4woods.eu\/de\/wp-json\/wp\/v2\/types\/page"}],"author":[{"embeddable":true,"href":"https:\/\/4woods.eu\/de\/wp-json\/wp\/v2\/users\/1"}],"replies":[{"embeddable":true,"href":"https:\/\/4woods.eu\/de\/wp-json\/wp\/v2\/comments?post=18407"}],"version-history":[{"count":10,"href":"https:\/\/4woods.eu\/de\/wp-json\/wp\/v2\/pages\/18407\/revisions"}],"predecessor-version":[{"id":19691,"href":"https:\/\/4woods.eu\/de\/wp-json\/wp\/v2\/pages\/18407\/revisions\/19691"}],"up":[{"embeddable":true,"href":"https:\/\/4woods.eu\/de\/wp-json\/wp\/v2\/pages\/13811"}],"wp:featuredmedia":[{"embeddable":true,"href":"https:\/\/4woods.eu\/de\/wp-json\/wp\/v2\/media\/18415"}],"wp:attachment":[{"href":"https:\/\/4woods.eu\/de\/wp-json\/wp\/v2\/media?parent=18407"}],"curies":[{"name":"wp","href":"https:\/\/api.w.org\/{rel}","templated":true}]}}