{"id":15894,"date":"2019-10-15T15:31:02","date_gmt":"2019-10-15T13:31:02","guid":{"rendered":"https:\/\/www.4woods.eu\/angebot\/"},"modified":"2025-01-25T18:37:24","modified_gmt":"2025-01-25T17:37:24","slug":"angebot-2","status":"publish","type":"page","link":"https:\/\/4woods.eu\/de\/silikonpuppen\/angebot-2\/","title":{"rendered":"Angebot"},"content":{"rendered":"<p>[vc_row full_width=&#8221;stretch_row_content_no_spaces&#8221; css=&#8221;.vc_custom_1710241692235{padding-top: 40px !important;background-color: #141b1f !important;}&#8221;][vc_column][vc_custom_heading text=&#8221;Wundersch\u00f6ne Puppe<br \/>\nLucy zu verkaufen!&#8221; font_container=&#8221;tag:h1|text_align:center|color:%23ffffff|line_height:2&#8243;][\/vc_column][\/vc_row][vc_row full_width=&#8221;stretch_row_content_no_spaces&#8221; css=&#8221;.vc_custom_1733854707313{padding-top: 30px !important;padding-bottom: 80px !important;background-color: #141b1f !important;}&#8221;][vc_column width=&#8221;1\/2&#8243;][vc_single_image image=&#8221;18134&#8243; img_size=&#8221;450&#215;600&#8243; alignment=&#8221;center&#8221; onclick=&#8221;custom_link&#8221; link=&#8221;https:\/\/4woods.eu\/de\/silikonpuppen\/gesicht-lucy\/&#8221;][\/vc_column][vc_column width=&#8221;1\/2&#8243;][vc_column_text]<span style=\"color: #ffffff;\">Beschreibung:<\/span><\/p>\n<p><span style=\"color: #ffffff;\">Gesicht: Lucy<\/span><br \/>\n<span style=\"color: #ffffff;\">K\u00f6rper: AI Doll S+<\/span><br \/>\n<span style=\"color: #ffffff;\">Hautfarbe: Sandbraun<\/span><br \/>\n<span style=\"color: #ffffff;\">Brustwarzenfarbe: Mittelbraun<\/span><br \/>\n<span style=\"color: #ffffff;\">Gr\u00f6\u00dfe der Areolen: Klein<\/span><br \/>\n<span style=\"color: #ffffff;\">N\u00e4gel: Kurz, French<\/span><br \/>\n<span style=\"color: #ffffff;\">Fu\u00dfnageloption: French<\/span><br \/>\n<span style=\"color: #ffffff;\">Gelenkh\u00e4nde<\/span><br \/>\n<span style=\"color: #ffffff;\">Soft Face<\/span><br \/>\n<span style=\"color: #ffffff;\">Vagina: Realistisch, L<\/span><br \/>\n<span style=\"color: #ffffff;\">Schamhaar: Nach Wahl<\/span><br \/>\n<span style=\"color: #ffffff;\">Augenfarbe: Nach Wahl<\/span><br \/>\n<span style=\"color: #ffffff;\">Per\u00fccke: Nach Wahl<\/span><br \/>\n<span style=\"color: #ffffff;\">Optionale Sommersprossen: Kostenlos<\/span><br \/>\n<span style=\"color: #ffffff;\">Optionale Venen: Kostenlos<\/span><br \/>\n<span style=\"color: #ffffff;\">Lieferung mit Schmuck und Dessous<\/span><\/p>\n<p><span style=\"color: #ffffff;\">Preis: 4500 \u20ac inkl. MwSt. \u2013 Kontaktieren Sie uns schnell!<\/span>[\/vc_column_text][\/vc_column][\/vc_row][vc_row full_width=&#8221;stretch_row&#8221; parallax=&#8221;content-moving&#8221; css=&#8221;.vc_custom_1710241724159{margin-bottom: 60px !important;padding-top: 30px !important;padding-bottom: 30px !important;background-color: #141b1f !important;}&#8221;][vc_column width=&#8221;1\/6&#8243;][\/vc_column][vc_column width=&#8221;2\/3&#8243;][vc_btn title=&#8221;Hier klicken, um zu bestellen&#8221; style=&#8221;custom&#8221; custom_background=&#8221;#ff4b68&#8243; custom_text=&#8221;#ffffff&#8221; shape=&#8221;round&#8221; size=&#8221;lg&#8221; align=&#8221;center&#8221; css_animation=&#8221;fadeInUpBig&#8221; link=&#8221;url:https%3A%2F%2F4woods.eu%2Fde%2Fsilikonpuppen%2Fbestellung%2F|title:Hier%20bestellen%21|&#8221;][\/vc_column][vc_column width=&#8221;1\/6&#8243;][\/vc_column][\/vc_row]<\/p>\n","protected":false},"excerpt":{"rendered":"<p>&#8230;<\/p>\n","protected":false},"author":1,"featured_media":18621,"parent":13811,"menu_order":0,"comment_status":"closed","ping_status":"closed","template":"","meta":{"footnotes":""},"class_list":["post-15894","page","type-page","status-publish","has-post-thumbnail","hentry"],"yoast_head":"<!-- This site is optimized with the Yoast SEO Premium plugin v27.4 (Yoast SEO v27.4) - https:\/\/yoast.com\/product\/yoast-seo-premium-wordpress\/ -->\n<title>Rabatt, Angebot | Sexpuppen aus Silikon | 4Woods Europe<\/title>\n<meta name=\"description\" content=\"Angebot, Rabatt auf unsere ber\u00fchmten realistischen Silikonpuppen. Erm\u00e4\u00dfigte Preise, Luxus Sexpuppen 100% Silikon - Qualit\u00e4t...\" \/>\n<meta name=\"robots\" content=\"index, follow, max-snippet:-1, max-image-preview:large, max-video-preview:-1\" \/>\n<link rel=\"canonical\" href=\"https:\/\/4woods.eu\/de\/silikonpuppen\/angebot-2\/\" \/>\n<meta property=\"og:locale\" content=\"de_DE\" \/>\n<meta property=\"og:type\" content=\"article\" \/>\n<meta property=\"og:title\" content=\"Angebot\" \/>\n<meta property=\"og:description\" content=\"Angebot, Rabatt auf unsere ber\u00fchmten realistischen Silikonpuppen. Erm\u00e4\u00dfigte Preise, Luxus Sexpuppen 100% Silikon - Qualit\u00e4t...\" \/>\n<meta property=\"og:url\" content=\"https:\/\/4woods.eu\/de\/silikonpuppen\/angebot-2\/\" \/>\n<meta property=\"og:site_name\" content=\"4woods\" \/>\n<meta property=\"article:modified_time\" content=\"2025-01-25T17:37:24+00:00\" \/>\n<meta property=\"og:image\" content=\"https:\/\/e7j6pxag7o8.exactdn.com\/wp-content\/uploads\/2024\/07\/angebot-sexupppen.jpg?strip=all&lossy=0&ssl=1\" \/>\n\t<meta property=\"og:image:width\" content=\"1000\" \/>\n\t<meta property=\"og:image:height\" content=\"667\" \/>\n\t<meta property=\"og:image:type\" content=\"image\/jpeg\" \/>\n<meta name=\"twitter:card\" content=\"summary_large_image\" \/>\n<meta name=\"twitter:label1\" content=\"Gesch\u00e4tzte Lesezeit\" \/>\n\t<meta name=\"twitter:data1\" content=\"1\u00a0Minute\" \/>\n<!-- \/ Yoast SEO Premium plugin. -->","yoast_head_json":{"title":"Rabatt, Angebot | Sexpuppen aus Silikon | 4Woods Europe","description":"Angebot, Rabatt auf unsere ber\u00fchmten realistischen Silikonpuppen. Erm\u00e4\u00dfigte Preise, Luxus Sexpuppen 100% Silikon - Qualit\u00e4t...","robots":{"index":"index","follow":"follow","max-snippet":"max-snippet:-1","max-image-preview":"max-image-preview:large","max-video-preview":"max-video-preview:-1"},"canonical":"https:\/\/4woods.eu\/de\/silikonpuppen\/angebot-2\/","og_locale":"de_DE","og_type":"article","og_title":"Angebot","og_description":"Angebot, Rabatt auf unsere ber\u00fchmten realistischen Silikonpuppen. Erm\u00e4\u00dfigte Preise, Luxus Sexpuppen 100% Silikon - Qualit\u00e4t...","og_url":"https:\/\/4woods.eu\/de\/silikonpuppen\/angebot-2\/","og_site_name":"4woods","article_modified_time":"2025-01-25T17:37:24+00:00","og_image":[{"width":1000,"height":667,"url":"https:\/\/e7j6pxag7o8.exactdn.com\/wp-content\/uploads\/2024\/07\/angebot-sexupppen.jpg?strip=all&lossy=0&ssl=1","type":"image\/jpeg"}],"twitter_card":"summary_large_image","twitter_misc":{"Gesch\u00e4tzte Lesezeit":"1\u00a0Minute"},"schema":{"@context":"https:\/\/schema.org","@graph":[{"@type":"WebPage","@id":"https:\/\/4woods.eu\/de\/silikonpuppen\/angebot-2\/","url":"https:\/\/4woods.eu\/de\/silikonpuppen\/angebot-2\/","name":"Rabatt, Angebot | Sexpuppen aus Silikon | 4Woods Europe","isPartOf":{"@id":"https:\/\/4woods.eu\/de\/#website"},"primaryImageOfPage":{"@id":"https:\/\/4woods.eu\/de\/silikonpuppen\/angebot-2\/#primaryimage"},"image":{"@id":"https:\/\/4woods.eu\/de\/silikonpuppen\/angebot-2\/#primaryimage"},"thumbnailUrl":"https:\/\/e7j6pxag7o8.exactdn.com\/wp-content\/uploads\/2024\/07\/angebot-sexupppen.jpg?strip=all","datePublished":"2019-10-15T13:31:02+00:00","dateModified":"2025-01-25T17:37:24+00:00","description":"Angebot, Rabatt auf unsere ber\u00fchmten realistischen Silikonpuppen. Erm\u00e4\u00dfigte Preise, Luxus Sexpuppen 100% Silikon - Qualit\u00e4t...","breadcrumb":{"@id":"https:\/\/4woods.eu\/de\/silikonpuppen\/angebot-2\/#breadcrumb"},"inLanguage":"de","potentialAction":[{"@type":"ReadAction","target":["https:\/\/4woods.eu\/de\/silikonpuppen\/angebot-2\/"]}]},{"@type":"ImageObject","inLanguage":"de","@id":"https:\/\/4woods.eu\/de\/silikonpuppen\/angebot-2\/#primaryimage","url":"https:\/\/e7j6pxag7o8.exactdn.com\/wp-content\/uploads\/2024\/07\/angebot-sexupppen.jpg?strip=all","contentUrl":"https:\/\/e7j6pxag7o8.exactdn.com\/wp-content\/uploads\/2024\/07\/angebot-sexupppen.jpg?strip=all","width":1000,"height":667,"caption":"Angebot, sexpuppen auf silikon"},{"@type":"WebSite","@id":"https:\/\/4woods.eu\/de\/#website","url":"https:\/\/4woods.eu\/de\/","name":"4woods","description":"Fabricant et vendeur fran\u00e7ais de poup\u00e9es en silicone pour adultes","publisher":{"@id":"https:\/\/4woods.eu\/de\/#organization"},"potentialAction":[{"@type":"SearchAction","target":{"@type":"EntryPoint","urlTemplate":"https:\/\/4woods.eu\/de\/?s={search_term_string}"},"query-input":{"@type":"PropertyValueSpecification","valueRequired":true,"valueName":"search_term_string"}}],"inLanguage":"de"},{"@type":"Organization","@id":"https:\/\/4woods.eu\/de\/#organization","name":"4Woods Europe","url":"https:\/\/4woods.eu\/de\/","logo":{"@type":"ImageObject","inLanguage":"de","@id":"https:\/\/4woods.eu\/de\/#\/schema\/logo\/image\/","url":"https:\/\/e7j6pxag7o8.exactdn.com\/wp-content\/uploads\/2017\/09\/logo-4woods-red-2.jpg?strip=all&lossy=0&ssl=1","contentUrl":"https:\/\/e7j6pxag7o8.exactdn.com\/wp-content\/uploads\/2017\/09\/logo-4woods-red-2.jpg?strip=all&lossy=0&ssl=1","width":826,"height":495,"caption":"4Woods Europe"},"image":{"@id":"https:\/\/4woods.eu\/de\/#\/schema\/logo\/image\/"},"sameAs":["https:\/\/www.instagram.com\/4woods_europe\/"]}]}},"_links":{"self":[{"href":"https:\/\/4woods.eu\/de\/wp-json\/wp\/v2\/pages\/15894","targetHints":{"allow":["GET"]}}],"collection":[{"href":"https:\/\/4woods.eu\/de\/wp-json\/wp\/v2\/pages"}],"about":[{"href":"https:\/\/4woods.eu\/de\/wp-json\/wp\/v2\/types\/page"}],"author":[{"embeddable":true,"href":"https:\/\/4woods.eu\/de\/wp-json\/wp\/v2\/users\/1"}],"replies":[{"embeddable":true,"href":"https:\/\/4woods.eu\/de\/wp-json\/wp\/v2\/comments?post=15894"}],"version-history":[{"count":105,"href":"https:\/\/4woods.eu\/de\/wp-json\/wp\/v2\/pages\/15894\/revisions"}],"predecessor-version":[{"id":18691,"href":"https:\/\/4woods.eu\/de\/wp-json\/wp\/v2\/pages\/15894\/revisions\/18691"}],"up":[{"embeddable":true,"href":"https:\/\/4woods.eu\/de\/wp-json\/wp\/v2\/pages\/13811"}],"wp:featuredmedia":[{"embeddable":true,"href":"https:\/\/4woods.eu\/de\/wp-json\/wp\/v2\/media\/18621"}],"wp:attachment":[{"href":"https:\/\/4woods.eu\/de\/wp-json\/wp\/v2\/media?parent=15894"}],"curies":[{"name":"wp","href":"https:\/\/api.w.org\/{rel}","templated":true}]}}