{"id":14971,"date":"2019-10-03T15:48:46","date_gmt":"2019-10-03T13:48:46","guid":{"rendered":"https:\/\/www.4woods.eu\/allgemeine-geschaftsbedingungen\/"},"modified":"2026-02-10T19:57:23","modified_gmt":"2026-02-10T18:57:23","slug":"agb","status":"publish","type":"page","link":"https:\/\/4woods.eu\/de\/agb\/","title":{"rendered":"Allgemeine Gesch\u00e4ftsbedingungen"},"content":{"rendered":"<p>[vc_row full_width=&#8221;stretch_row_content_no_spaces&#8221; css=&#8221;.vc_custom_1770742762633{padding-top: 50px !important;padding-bottom: 50px !important;}&#8221;][vc_column width=&#8221;1\/6&#8243;][\/vc_column][vc_column width=&#8221;2\/3&#8243;][vc_column_text]<\/p>\n<h1 style=\"text-align: center;\">Allgemeine Gesch\u00e4ftsbedingungen \u2013 4Woods Europe<\/h1>\n<p>[\/vc_column_text][\/vc_column][vc_column width=&#8221;1\/6&#8243;][\/vc_column][\/vc_row][vc_row css=&#8221;.vc_custom_1568739774127{margin-right: 5px !important;margin-left: 5px !important;padding-top: 40px !important;padding-bottom: 40px !important;}&#8221;][vc_column width=&#8221;1\/6&#8243;][\/vc_column][vc_column width=&#8221;2\/3&#8243;][vc_column_text]4Woods Europe ist Eigent\u00fcmer und Betreiber der Website\u00a0<a href=\"https:\/\/4woods.eu\/de\/\">4woods.eu<\/a>.<\/p>\n<p>Die vorliegenden Allgemeinen Gesch\u00e4ftsbedingungen (AGB) gelten f\u00fcr alle auf der Website\u00a0<a href=\"https:\/\/4woods.eu\/de\/\">4woods.eu<\/a>\u00a0platzierten Bestellungen. Jede Bestellung bedeutet volle und bedingungslose Annahme dieser AGB.[\/vc_column_text][\/vc_column][vc_column width=&#8221;1\/6&#8243;][\/vc_column][\/vc_row][vc_row css=&#8221;.vc_custom_1568739787934{margin-right: 5px !important;margin-left: 5px !important;padding-top: 40px !important;padding-bottom: 40px !important;}&#8221;][vc_column width=&#8221;1\/6&#8243;][\/vc_column][vc_column width=&#8221;2\/3&#8243;][vc_column_text]<\/p>\n<h2>ARTIKEL 1 \u2013 ANWENDUNGSBEREICH UND ART DER PRODUKTE<\/h2>\n<p>4Woods Europe entwirft, fertigt, vertreibt und vermarktet ausschlie\u00dflich Produkte, die erwachsene Charaktere darstellen und ausschlie\u00dflich f\u00fcr ein vollj\u00e4hriges Publikum bestimmt sind.<\/p>\n<p>Das Unternehmen entwirft, fertigt, vertreibt und vermarktet keine Darstellungen von Minderj\u00e4hrigen noch Produkte, die vern\u00fcnftigerweise als Darstellung eines Minderj\u00e4hrigen wahrgenommen werden k\u00f6nnten, insbesondere aufgrund morphologischer Merkmale, Proportionen oder sonstiger Darstellungselemente.<\/p>\n<p>Nur die auf der offiziellen Website\u00a0<strong><a href=\"https:\/\/4woods.eu\/de\/\">4woods.eu<\/a><\/strong>\u00a0pr\u00e4sentierten Produkte, Modelle und Inhalte fallen in den T\u00e4tigkeitsbereich, die Verantwortung und den kommerziellen Rahmen von 4Woods Europe.<\/p>\n<p>Jegliche andere Produktlinie, jedes andere Produkt oder jeder andere Inhalt, der von Dritten \u2013 einschlie\u00dflich solcher, die sich als Partner, Vertriebspartner, Affiliates, Anteilseigner oder verbundene Unternehmen pr\u00e4sentieren \u2013 angeboten, hergestellt, vertrieben oder verbreitet wird, f\u00e4llt ausschlie\u00dflich in die Verantwortung dieser Dritten.<\/p>\n<p>4Woods Europe beh\u00e4lt sich das Recht vor, Bestellungen, die diesen Grunds\u00e4tzen oder der geltenden Gesetzgebung widersprechen, abzulehnen oder zu stornieren.[\/vc_column_text][\/vc_column][vc_column width=&#8221;1\/6&#8243;][\/vc_column][\/vc_row][vc_row css=&#8221;.vc_custom_1568739787934{margin-right: 5px !important;margin-left: 5px !important;padding-top: 40px !important;padding-bottom: 40px !important;}&#8221;][vc_column width=&#8221;1\/6&#8243;][\/vc_column][vc_column width=&#8221;2\/3&#8243;][vc_column_text]<\/p>\n<h2>ARTIKEL 2 \u00ad &#8211; PREISE<\/h2>\n<p>2.1\u00a0Alle Preise unserer Artikel sind in Euro (\u20ac) angegeben, inklusive aller Steuern (zzgl. MwSt.).<br \/>2.2\u00a0Eigentumsvorbehalt: Die Produkte bleiben bis zur vollst\u00e4ndigen Zahlungseingang bei 4Woods Europe im Eigentum von 4Woods Europe.[\/vc_column_text][\/vc_column][vc_column width=&#8221;1\/6&#8243;][\/vc_column][\/vc_row][vc_row css=&#8221;.vc_custom_1568739787934{margin-right: 5px !important;margin-left: 5px !important;padding-top: 40px !important;padding-bottom: 40px !important;}&#8221;][vc_column width=&#8221;1\/6&#8243;][\/vc_column][vc_column width=&#8221;2\/3&#8243;][vc_column_text]<\/p>\n<h2>ARTIKEL 3 &#8211; ZAHLUNGSMODALIT\u00c4TEN<\/h2>\n<p>&#8211; Bank-Scheck (nur Frankreich): Ausgestellt auf 4Woods Europe oder 4WDS.<br \/>&#8211; Bank\u00fcberweisung (Frankreich und weltweit): Auf das Konto von 4Woods Europe.<br \/>&#8211; PayPal (Frankreich und weltweit): Auf vorherige Anfrage per E-Mail.[\/vc_column_text][\/vc_column][vc_column width=&#8221;1\/6&#8243;][\/vc_column][\/vc_row][vc_row css=&#8221;.vc_custom_1568739787934{margin-right: 5px !important;margin-left: 5px !important;padding-top: 40px !important;padding-bottom: 40px !important;}&#8221;][vc_column width=&#8221;1\/6&#8243;][\/vc_column][vc_column width=&#8221;2\/3&#8243;][vc_column_text]<\/p>\n<h2>ARTIKEL 4 &#8211; LIEFERUNG<\/h2>\n<p>Lieferungen erfolgen in der Regel innerhalb von 8 bis 10 Wochen. Diese Frist kann jedoch aufgrund vor\u00fcbergehender Lagerknappheit oder Lieferverz\u00f6gerungen unserer Lieferanten \u00fcberschritten werden. Kunden k\u00f6nnen jederzeit auf einfache Anfrage per E-Mail oder Telefon Auskunft \u00fcber ihren Auftrag erhalten.<\/p>\n<h3>Versand:<\/h3>\n<p>Die Sendungen erfolgen ab unserem Werkstattstandort in Montcenis (71710).<br \/>4Woods Europe haftet nicht f\u00fcr Verz\u00f6gerungen, die durch Streiks oder andere unvorhersehbare Ereignisse verursacht werden, wie sie im Gesetz \u00fcber den G\u00fctertransport vorgesehen sind.<\/p>\n<h3>Transportsicherung:<\/h3>\n<p>Von Speditionen gelieferte Waren sind gegen alle Sch\u00e4den bis zur Endlieferung versichert. Jeder besch\u00e4digte Paket muss vom Kunden bei \u00dcbergabe dem Transportunternehmen sofort gemeldet werden. Die Notiz \u201eunter Vorbehalt der Entpackung\u201c hat keinen rechtlichen Wert, weshalb der Kunde alle sichtbaren \u00e4u\u00dferen Besch\u00e4digungen des Pakets klar und schriftlich vermerken muss. Jeder Schaden am Produkt selbst muss zwingend innerhalb von maximal 24 Stunden nach Erhalt des Pakets schriftlich bei 4Woods Europe gemeldet werden (einschlie\u00dflich Wochenenden und Feiertage).<\/p>\n<h3>Zollbeschr\u00e4nkungen:<\/h3>\n<p>Bestimmte Rechtsordnungen beschr\u00e4nken oder verbieten den Import erotischer Produkte. Bitte informieren Sie sich vor Bestellung \u00fcber die geltende Gesetzgebung Ihres Landes.<\/p>\n<h3>Zollgeb\u00fchren:<\/h3>\n<p>F\u00fcr L\u00e4nder der Europ\u00e4ischen Union fallen keine zus\u00e4tzlichen Zollgeb\u00fchren an.<br \/>Au\u00dferhalb der Europ\u00e4ischen Union werden Zollgeb\u00fchren und Einfuhrsteuern f\u00e4llig, sobald das Paket im Bestimmungsland eintrifft. Sie m\u00fcssen diese zus\u00e4tzlichen Zollabfertigungsgeb\u00fchren zahlen. Wir haben keinerlei Kontrolle \u00fcber diese Steuern und k\u00f6nnen sie nicht vorhersagen, da die Zollpolitiken von Land zu Land variieren. Bitte kontaktieren Sie Ihr lokales Zollamt f\u00fcr weitere Informationen.<\/p>\n<h3>MwSt.:<\/h3>\n<p>Von 4Woods Europe am Ursprung abgerechnet; f\u00fcr franz\u00f6sische und europ\u00e4ische Kunden f\u00e4llt bei Lieferung keine zus\u00e4tzliche MwSt. an. Eine Rechnung ohne franz\u00f6sische MwSt. (20%) wird ausgestellt:<br \/>&#8211; an in Europa ans\u00e4ssige Unternehmen mit intrakommunaler MwSt.-Nummer;<br \/>&#8211; an Privatpersonen au\u00dferhalb Europas. In diesem Fall zahlt der Kunde die MwSt. seines Landes sowie etwaige Zollgeb\u00fchren, entweder \u00fcber die Rechnung des Transportunternehmens bei Lieferung durch Spedition oder bei Grenz\u00fcbergang durch Vorlage der Verkaufsrechnung, wenn das Produkt direkt in unserer Fertigungsst\u00e4tte (Montcenis) abgeholt wird.[\/vc_column_text][\/vc_column][vc_column width=&#8221;1\/6&#8243;][\/vc_column][\/vc_row][vc_row css=&#8221;.vc_custom_1568739787934{margin-right: 5px !important;margin-left: 5px !important;padding-top: 40px !important;padding-bottom: 40px !important;}&#8221;][vc_column width=&#8221;1\/6&#8243;][\/vc_column][vc_column width=&#8221;2\/3&#8243;][vc_column_text]<\/p>\n<h2>ARTIKEL 5 &#8211; KUNDENSERVICE<\/h2>\n<p>F\u00fcr Ausk\u00fcnfte oder Fragen steht unser Kundenservice Ihnen zur Verf\u00fcgung:<br \/>Per E-Mail: 4wds.contact@gmail.com<br \/>Per Telefon: +33 (0) 6 83 64 36 11 \u2013 Direktes Gespr\u00e4ch (Franz\u00f6sisch und Englisch) oder nach Vereinbarung (per E-Mail-Anfrage) f\u00fcr andere Sprachen.<br \/>In unserer Werkstatt nach Terminvereinbarung per E-Mail oder Telefon.[\/vc_column_text][\/vc_column][vc_column width=&#8221;1\/6&#8243;][\/vc_column][\/vc_row][vc_row css=&#8221;.vc_custom_1568739787934{margin-right: 5px !important;margin-left: 5px !important;padding-top: 40px !important;padding-bottom: 40px !important;}&#8221;][vc_column width=&#8221;1\/6&#8243;][\/vc_column][vc_column width=&#8221;2\/3&#8243;][vc_column_text]<\/p>\n<h2>ARTICLE 6 &#8211; HAFTUNG<\/h2>\n<p>Die angebotenen Produkte entsprechen der geltenden franz\u00f6sischen Gesetzgebung, insbesondere hinsichtlich des Schutzes Minderj\u00e4hriger und des Verbots p\u00e4dophiler Darstellungen, sowie den in Frankreich geltenden Normen.<\/p>\n<p>Fotos, Texte, Grafiken, Informationen und Merkmale, die die vorgestellten Produkte illustrieren, sind unverbindlich. 4Woods Europe haftet daher nicht f\u00fcr Fehler oder Auslassungen in diesen Fotos, Texten, Grafiken, Informationen oder Produktmerkmalen oder bei \u00c4nderung der Produktmerkmale durch 4Woods Europe oder dessen Lieferanten.<\/p>\n<p>4Woods Europe haftet nicht f\u00fcr Nichterf\u00fcllung des Vertrags bei Lagerknappheit oder Produktunverf\u00fcgbarkeit, h\u00f6herer Gewalt, St\u00f6rung oder vollst\u00e4ndigem oder teilweisem Streik insbesondere der Postdienste und Transport-\/Kommunikationsmittel, \u00dcberschwemmung, Brand.<\/p>\n<p>Hyperlinks k\u00f6nnen zu anderen Websites als\u00a0<a href=\"https:\/\/www.4woods.eu\/\">4woods.eu<\/a>\u00a0f\u00fchren. 4Woods Europe schlie\u00dft jegliche Haftung f\u00fcr den Inhalt solcher Websites sowie die dort angebotenen Produkte\/Dienstleistungen aus.[\/vc_column_text][\/vc_column][vc_column width=&#8221;1\/6&#8243;][\/vc_column][\/vc_row][vc_row css=&#8221;.vc_custom_1568739787934{margin-right: 5px !important;margin-left: 5px !important;padding-top: 40px !important;padding-bottom: 40px !important;}&#8221;][vc_column width=&#8221;1\/6&#8243;][\/vc_column][vc_column width=&#8221;2\/3&#8243;][vc_column_text]<\/p>\n<h2>ARTICLE 7 &#8211; SCHUTZ PERSONENBEZOGENER DATEN<\/h2>\n<p><\/p>\n<p class=\"my-2 [&amp;+p]:mt-4 [&amp;_strong:has(+br)]:inline-block [&amp;_strong:has(+br)]:pb-2\">Die erhobenen personenbezogenen Daten unterliegen einer automatisierten Datenverarbeitung durch 4Woods Europe zu den Zwecken der Auftragsabwicklung, Kundenbetreuung und gegebenenfalls kommerziellen Prospektion.<\/p>\n<p><\/p>\n<p class=\"my-2 [&amp;+p]:mt-4 [&amp;_strong:has(+br)]:inline-block [&amp;_strong:has(+br)]:pb-2\">Diese Daten sind ausschlie\u00dflich dem autorisierten Personal von 4Woods Europe bestimmt und werden weder verkauft noch an Dritte weitergegeben.<\/p>\n<p><\/p>\n<p class=\"my-2 [&amp;+p]:mt-4 [&amp;_strong:has(+br)]:inline-block [&amp;_strong:has(+br)]:pb-2\">Gem\u00e4\u00df DSGVO und dem ge\u00e4nderten franz\u00f6sischen Datenschutzgesetz haben Sie das Recht auf Auskunft, Berichtigung, L\u00f6schung, Einschr\u00e4nkung, Daten\u00fcbertragbarkeit und Widerspruch gegen die Verarbeitung Ihrer personenbezogenen Daten.<\/p>\n<p><\/p>\n<p class=\"my-2 [&amp;+p]:mt-4 [&amp;_strong:has(+br)]:inline-block [&amp;_strong:has(+br)]:pb-2\"><strong>Zur Aus\u00fcbung dieser Rechte<\/strong>:<br \/>\n<a class=\"reset interactable cursor-pointer decoration-1 underline-offset-1 text-super hover:underline font-semibold\" href=\"mailto:4wds.contact@gmail.com\" target=\"_blank\" rel=\"nofollow noopener\"><span class=\"text-box-trim-both\">4wds.contact@gmail.com<\/span><\/a>\u00a0oder 4Woods Europe, 6 route de Toulon, 71710 Montcenis.<br \/>\n<em>Weitere Details: siehe Impressum der Website.<\/em><\/p>\n<p><\/p>\n<p class=\"my-2 [&amp;+p]:mt-4 [&amp;_strong:has(+br)]:inline-block [&amp;_strong:has(+br)]:pb-2\">Dieser Artikel verhindert nicht den Gesamtverkauf des Unternehmens noch die \u00dcbertragung von Gesch\u00e4ftsbereichen an Dritte.<\/p>\n<p>[\/vc_column_text][\/vc_column][vc_column width=&#8221;1\/6&#8243;][\/vc_column][\/vc_row][vc_row css=&#8221;.vc_custom_1568739787934{margin-right: 5px !important;margin-left: 5px !important;padding-top: 40px !important;padding-bottom: 40px !important;}&#8221;][vc_column width=&#8221;1\/6&#8243;][\/vc_column][vc_column width=&#8221;2\/3&#8243;][vc_column_text]<\/p>\n<h2>ARTIKEL 8 &#8211; GEISTIGES EIGENTUM<\/h2>\n<p>Die Marke \u201e4Woods&#8221; ist international eingetragen und gesch\u00fctzt.<\/p>\n<p>Alle Texte, Kommentare, Werke, Illustrationen und Bilder, die auf den von 4Woods Europe betriebenen Websites wiedergegeben werden, sind nach Urheberrecht und geistigem Eigentum weltweit gesch\u00fctzt. Gem\u00e4\u00df den Bestimmungen des Gesetzes \u00fcber geistiges Eigentum ist nur die Nutzung f\u00fcr private Zwecke zul\u00e4ssig, vorbehaltlich abweichender oder restriktiverer Bestimmungen dieses Gesetzes. Jede andere Nutzung stellt eine Urheberrechtsverletzung dar und ist nach dem Gesetz \u00fcber geistiges Eigentum strafbar, sofern keine vorherige schriftliche Genehmigung von 4Woods Europe vorliegt.<\/p>\n<p>Jede vollst\u00e4ndige oder teilweise Vervielf\u00e4ltigung der von 4Woods Europe betriebenen Websites ist strengstens verboten.[\/vc_column_text][\/vc_column][vc_column width=&#8221;1\/6&#8243;][\/vc_column][\/vc_row][vc_row css=&#8221;.vc_custom_1568739787934{margin-right: 5px !important;margin-left: 5px !important;padding-top: 40px !important;padding-bottom: 40px !important;}&#8221;][vc_column width=&#8221;1\/6&#8243;][\/vc_column][vc_column width=&#8221;2\/3&#8243;][vc_column_text]<\/p>\n<h2>ARTICLE 9 &#8211; STREITIGKEITEN<\/h2>\n<p>Dieser Vertrag unterliegt\u00a0franz\u00f6sischem Recht.<\/p>\n<p>Jegliche Streitigkeiten werden zun\u00e4chst dem Kundenservice von 4Woods Europe vorgelegt. Bei Fehlen einer g\u00fctlichen Einigung innerhalb von\u00a030 Tagen\u00a0sind die Gerichte von\u00a0Chalon-sur-Sa\u00f4ne (Frankreich)\u00a0ausschlie\u00dflich zust\u00e4ndig.<br \/>\n[\/vc_column_text][\/vc_column][vc_column width=&#8221;1\/6&#8243;][\/vc_column][\/vc_row][vc_row css=&#8221;.vc_custom_1568739787934{margin-right: 5px !important;margin-left: 5px !important;padding-top: 40px !important;padding-bottom: 40px !important;}&#8221;][vc_column width=&#8221;1\/6&#8243;][\/vc_column][vc_column width=&#8221;2\/3&#8243;][vc_column_text]<\/p>\n<h2>ARTIKEL 10 &#8211; VERPFLICHTUNG DES KUNDEN<\/h2>\n<p>Mit der Auftragserteilung erkl\u00e4ren Sie, dass Sie den Inhalt Ihrer Bestellung sowie die vorliegenden Allgemeinen Gesch\u00e4ftsbedingungen akzeptieren, die dem franz\u00f6sischen Recht unterliegen und jederzeit ohne Ank\u00fcndigung ge\u00e4ndert werden k\u00f6nnen.[\/vc_column_text][\/vc_column][vc_column width=&#8221;1\/6&#8243;][\/vc_column][\/vc_row][vc_row css=&#8221;.vc_custom_1568739787934{margin-right: 5px !important;margin-left: 5px !important;padding-top: 40px !important;padding-bottom: 40px !important;}&#8221;][vc_column width=&#8221;1\/6&#8243;][\/vc_column][vc_column width=&#8221;2\/3&#8243;][vc_column_text]<\/p>\n<h2>ARTIKEL 11 &#8211; ALTERSANGABEN UND \u00dcBERPR\u00dcFUNG<\/h2>\n<p>Der K\u00e4ufer versichert an Eides statt, vollj\u00e4hrig (\u00fcber 18 Jahre) zu sein und die erforderliche Gesch\u00e4ftsf\u00e4higkeit zum Bestellen und Erwerb der angebotenen Produkte zu besitzen.<\/p>\n<p>Mit der Auftragserteilung verpflichtet sich der K\u00e4ufer, auf Anfrage von 4Woods Europe jedweden Nachweis seiner Vollj\u00e4hrigkeit (g\u00fcltiger Personalausweis) vorzulegen.<\/p>\n<p>4Woods Europe beh\u00e4lt sich das Recht vor, Bestellungen bei Zweifel am Alter des K\u00e4ufers oder Nichtvorlage der erforderlichen Nachweise abzulehnen.[\/vc_column_text][\/vc_column][vc_column width=&#8221;1\/6&#8243;][\/vc_column][\/vc_row]<\/p>\n","protected":false},"excerpt":{"rendered":"<p>&#8230;<\/p>\n","protected":false},"author":3,"featured_media":0,"parent":0,"menu_order":0,"comment_status":"closed","ping_status":"closed","template":"","meta":{"footnotes":""},"class_list":["post-14971","page","type-page","status-publish","hentry"],"yoast_head":"<!-- This site is optimized with the Yoast SEO Premium plugin v27.5 (Yoast SEO v27.5) - https:\/\/yoast.com\/product\/yoast-seo-premium-wordpress\/ -->\n<title>4Woods Europe - Allgemeine Gesch\u00e4ftsbedingungen<\/title>\n<meta name=\"description\" content=\"4Woods Europe - Allgemeine Gesch\u00e4ftsbedingungen\" \/>\n<meta name=\"robots\" content=\"index, follow, max-snippet:-1, max-image-preview:large, max-video-preview:-1\" \/>\n<link rel=\"canonical\" href=\"https:\/\/4woods.eu\/de\/agb\/\" \/>\n<meta property=\"og:locale\" content=\"de_DE\" \/>\n<meta property=\"og:type\" content=\"article\" \/>\n<meta property=\"og:title\" content=\"Allgemeine Gesch\u00e4ftsbedingungen\" \/>\n<meta property=\"og:description\" content=\"4Woods Europe - Allgemeine Gesch\u00e4ftsbedingungen\" \/>\n<meta property=\"og:url\" content=\"https:\/\/4woods.eu\/de\/agb\/\" \/>\n<meta property=\"og:site_name\" content=\"4woods\" \/>\n<meta property=\"article:modified_time\" content=\"2026-02-10T18:57:23+00:00\" \/>\n<meta name=\"twitter:card\" content=\"summary_large_image\" \/>\n<meta name=\"twitter:label1\" content=\"Gesch\u00e4tzte Lesezeit\" \/>\n\t<meta name=\"twitter:data1\" content=\"8\u00a0Minuten\" \/>\n<!-- \/ Yoast SEO Premium plugin. -->","yoast_head_json":{"title":"4Woods Europe - Allgemeine Gesch\u00e4ftsbedingungen","description":"4Woods Europe - Allgemeine Gesch\u00e4ftsbedingungen","robots":{"index":"index","follow":"follow","max-snippet":"max-snippet:-1","max-image-preview":"max-image-preview:large","max-video-preview":"max-video-preview:-1"},"canonical":"https:\/\/4woods.eu\/de\/agb\/","og_locale":"de_DE","og_type":"article","og_title":"Allgemeine Gesch\u00e4ftsbedingungen","og_description":"4Woods Europe - Allgemeine Gesch\u00e4ftsbedingungen","og_url":"https:\/\/4woods.eu\/de\/agb\/","og_site_name":"4woods","article_modified_time":"2026-02-10T18:57:23+00:00","twitter_card":"summary_large_image","twitter_misc":{"Gesch\u00e4tzte Lesezeit":"8\u00a0Minuten"},"schema":{"@context":"https:\/\/schema.org","@graph":[{"@type":"WebPage","@id":"https:\/\/4woods.eu\/de\/agb\/","url":"https:\/\/4woods.eu\/de\/agb\/","name":"4Woods Europe - Allgemeine Gesch\u00e4ftsbedingungen","isPartOf":{"@id":"https:\/\/4woods.eu\/de\/#website"},"datePublished":"2019-10-03T13:48:46+00:00","dateModified":"2026-02-10T18:57:23+00:00","description":"4Woods Europe - Allgemeine Gesch\u00e4ftsbedingungen","breadcrumb":{"@id":"https:\/\/4woods.eu\/de\/agb\/#breadcrumb"},"inLanguage":"de","potentialAction":[{"@type":"ReadAction","target":["https:\/\/4woods.eu\/de\/agb\/"]}]},{"@type":"WebSite","@id":"https:\/\/4woods.eu\/de\/#website","url":"https:\/\/4woods.eu\/de\/","name":"4woods","description":"Fabricant et vendeur fran\u00e7ais de poup\u00e9es en silicone pour adultes","publisher":{"@id":"https:\/\/4woods.eu\/de\/#organization"},"potentialAction":[{"@type":"SearchAction","target":{"@type":"EntryPoint","urlTemplate":"https:\/\/4woods.eu\/de\/?s={search_term_string}"},"query-input":{"@type":"PropertyValueSpecification","valueRequired":true,"valueName":"search_term_string"}}],"inLanguage":"de"},{"@type":"Organization","@id":"https:\/\/4woods.eu\/de\/#organization","name":"4Woods Europe","url":"https:\/\/4woods.eu\/de\/","logo":{"@type":"ImageObject","inLanguage":"de","@id":"https:\/\/4woods.eu\/de\/#\/schema\/logo\/image\/","url":"https:\/\/e7j6pxag7o8.exactdn.com\/wp-content\/uploads\/2017\/09\/logo-4woods-red-2.jpg?strip=all&lossy=0&ssl=1","contentUrl":"https:\/\/e7j6pxag7o8.exactdn.com\/wp-content\/uploads\/2017\/09\/logo-4woods-red-2.jpg?strip=all&lossy=0&ssl=1","width":826,"height":495,"caption":"4Woods Europe"},"image":{"@id":"https:\/\/4woods.eu\/de\/#\/schema\/logo\/image\/"},"sameAs":["https:\/\/www.instagram.com\/4woods_europe\/"]}]}},"_links":{"self":[{"href":"https:\/\/4woods.eu\/de\/wp-json\/wp\/v2\/pages\/14971","targetHints":{"allow":["GET"]}}],"collection":[{"href":"https:\/\/4woods.eu\/de\/wp-json\/wp\/v2\/pages"}],"about":[{"href":"https:\/\/4woods.eu\/de\/wp-json\/wp\/v2\/types\/page"}],"author":[{"embeddable":true,"href":"https:\/\/4woods.eu\/de\/wp-json\/wp\/v2\/users\/3"}],"replies":[{"embeddable":true,"href":"https:\/\/4woods.eu\/de\/wp-json\/wp\/v2\/comments?post=14971"}],"version-history":[{"count":15,"href":"https:\/\/4woods.eu\/de\/wp-json\/wp\/v2\/pages\/14971\/revisions"}],"predecessor-version":[{"id":19852,"href":"https:\/\/4woods.eu\/de\/wp-json\/wp\/v2\/pages\/14971\/revisions\/19852"}],"wp:attachment":[{"href":"https:\/\/4woods.eu\/de\/wp-json\/wp\/v2\/media?parent=14971"}],"curies":[{"name":"wp","href":"https:\/\/api.w.org\/{rel}","templated":true}]}}