{"id":11845,"date":"2019-09-17T13:16:41","date_gmt":"2019-09-17T11:16:41","guid":{"rendered":"https:\/\/www.4woods.eu\/bestellung\/"},"modified":"2025-11-10T22:30:11","modified_gmt":"2025-11-10T21:30:11","slug":"bestellung","status":"publish","type":"page","link":"https:\/\/4woods.eu\/de\/silikonpuppen\/bestellung\/","title":{"rendered":"Bestellung"},"content":{"rendered":"<p>[vc_row css=&#8221;.vc_custom_1762788278132{padding-top: 80px !important;padding-bottom: 40px !important;background-position: center !important;background-repeat: no-repeat !important;background-size: cover !important;}&#8221;][vc_column width=&#8221;1\/6&#8243;][\/vc_column][vc_column width=&#8221;2\/3&#8243;][vc_column_text css=&#8221;.vc_custom_1762794217982{margin-right: 5px !important;margin-left: 5px !important;}&#8221;]<\/p>\n<h1 style=\"text-align: center;\">Bestellen Sie Ihre Puppe<\/h1>\n<p>[\/vc_column_text][vc_separator color=&#8221;custom&#8221; css_animation=&#8221;appear&#8221; accent_color=&#8221;#d1004b&#8221; css=&#8221;.vc_custom_1762787276276{padding-top: 50px !important;}&#8221;][\/vc_column][vc_column width=&#8221;1\/6&#8243;][\/vc_column][\/vc_row][vc_row full_width=&#8221;stretch_row_content_no_spaces&#8221; css=&#8221;.vc_custom_1762788044736{padding-bottom: 40px !important;}&#8221;][vc_column width=&#8221;1\/3&#8243;][\/vc_column][vc_column width=&#8221;1\/3&#8243;][vc_column_text]Jede 4Woods Europe Puppe wird auf Bestellung gefertigt, nach Ihren W\u00fcnschen und Vorstellungen. Bitte f\u00fcllen Sie dieses Formular aus, damit wir Ihr Projekt pr\u00fcfen und Sie durch die einzelnen Bestellschritte begleiten k\u00f6nnen.[\/vc_column_text][\/vc_column][vc_column width=&#8221;1\/3&#8243;][\/vc_column][\/vc_row][vc_row full_width=&#8221;stretch_row_content_no_spaces&#8221;][vc_column width=&#8221;1\/6&#8243;][\/vc_column][vc_column width=&#8221;2\/3&#8243;][vc_column_text el_class=&#8221;commande-form-block&#8221;]<\/p>\n<section role=\"form\" aria-label=\"Bestellformular\">\n<div class=\"wpcf7 no-js\" id=\"wpcf7-f19610-o1\" lang=\"de-DE\" dir=\"ltr\" data-wpcf7-id=\"19610\">\n<div class=\"screen-reader-response\"><p role=\"status\" aria-live=\"polite\" aria-atomic=\"true\"><\/p> <ul><\/ul><\/div>\n<form action=\"\/de\/wp-json\/wp\/v2\/pages\/11845#wpcf7-f19610-o1\" method=\"post\" class=\"wpcf7-form init\" aria-label=\"Kontaktformular\" novalidate=\"novalidate\" data-status=\"init\">\n<fieldset class=\"hidden-fields-container\"><input type=\"hidden\" name=\"_wpcf7\" value=\"19610\" \/><input type=\"hidden\" name=\"_wpcf7_version\" value=\"6.1.5\" \/><input type=\"hidden\" name=\"_wpcf7_locale\" value=\"de_DE\" \/><input type=\"hidden\" name=\"_wpcf7_unit_tag\" value=\"wpcf7-f19610-o1\" \/><input type=\"hidden\" name=\"_wpcf7_container_post\" value=\"0\" \/><input type=\"hidden\" name=\"_wpcf7_posted_data_hash\" value=\"\" \/>\n<\/fieldset>\n<p><label>Nachname:*<br \/>\n<span class=\"wpcf7-form-control-wrap\" data-name=\"your-lastname\"><input size=\"40\" maxlength=\"400\" class=\"wpcf7-form-control wpcf7-text wpcf7-validates-as-required\" autocomplete=\"name\" aria-required=\"true\" aria-invalid=\"false\" value=\"\" type=\"text\" name=\"your-lastname\" \/><\/span><\/label>\n<\/p>\n<p><label>Vorname:*<br \/>\n<span class=\"wpcf7-form-control-wrap\" data-name=\"your-firstname\"><input size=\"40\" maxlength=\"400\" class=\"wpcf7-form-control wpcf7-text wpcf7-validates-as-required\" autocomplete=\"given-name\" aria-required=\"true\" aria-invalid=\"false\" value=\"\" type=\"text\" name=\"your-firstname\" \/><\/span><\/label>\n<\/p>\n<p><label>Geburtsdatum:*<br \/>\n<span class=\"wpcf7-form-control-wrap\" data-name=\"birth-date\"><input class=\"wpcf7-form-control wpcf7-date wpcf7-validates-as-required wpcf7-validates-as-date\" min=\"1900-01-01\" max=\"2026-04-20\" aria-required=\"true\" aria-invalid=\"false\" value=\"\" type=\"date\" name=\"birth-date\" \/><\/span><\/label>\n<\/p>\n<p><label>Adresszeile 1:*<br \/>\n<span class=\"wpcf7-form-control-wrap\" data-name=\"your-address-line1\"><input size=\"40\" maxlength=\"400\" class=\"wpcf7-form-control wpcf7-text wpcf7-validates-as-required\" autocomplete=\"address-line1\" aria-required=\"true\" aria-invalid=\"false\" value=\"\" type=\"text\" name=\"your-address-line1\" \/><\/span><\/label>\n<\/p>\n<p><label>Adresszeile 2:<br \/>\n<span class=\"wpcf7-form-control-wrap\" data-name=\"your-address-line2\"><input size=\"40\" maxlength=\"400\" class=\"wpcf7-form-control wpcf7-text\" autocomplete=\"address-line2\" aria-invalid=\"false\" value=\"\" type=\"text\" name=\"your-address-line2\" \/><\/span><\/label>\n<\/p>\n<p><label>Postleitzahl:*<br \/>\n<span class=\"wpcf7-form-control-wrap\" data-name=\"your-zip\"><input size=\"40\" maxlength=\"400\" class=\"wpcf7-form-control wpcf7-text wpcf7-validates-as-required\" autocomplete=\"postal-code\" aria-required=\"true\" aria-invalid=\"false\" value=\"\" type=\"text\" name=\"your-zip\" \/><\/span><\/label>\n<\/p>\n<p><label>Stadt:*<br \/>\n<span class=\"wpcf7-form-control-wrap\" data-name=\"your-city\"><input size=\"40\" maxlength=\"400\" class=\"wpcf7-form-control wpcf7-text wpcf7-validates-as-required\" autocomplete=\"address-level2\" aria-required=\"true\" aria-invalid=\"false\" value=\"\" type=\"text\" name=\"your-city\" \/><\/span><\/label>\n<\/p>\n<p><label>Land:*<br \/>\n<span class=\"wpcf7-form-control-wrap\" data-name=\"your-country\"><input size=\"40\" maxlength=\"400\" class=\"wpcf7-form-control wpcf7-text wpcf7-validates-as-required\" autocomplete=\"country-name\" aria-required=\"true\" aria-invalid=\"false\" value=\"\" type=\"text\" name=\"your-country\" \/><\/span><\/label>\n<\/p>\n<p><label>E-Mail :*<br \/>\n<span class=\"wpcf7-form-control-wrap\" data-name=\"your-email\"><input size=\"40\" maxlength=\"400\" class=\"wpcf7-form-control wpcf7-email wpcf7-validates-as-required wpcf7-text wpcf7-validates-as-email\" autocomplete=\"email\" aria-required=\"true\" aria-invalid=\"false\" value=\"\" type=\"email\" name=\"your-email\" \/><\/span><\/label>\n<\/p>\n<p><label>Telefon:<br \/>\n<span class=\"wpcf7-form-control-wrap\" data-name=\"phone\"><input size=\"40\" maxlength=\"400\" class=\"wpcf7-form-control wpcf7-tel wpcf7-text wpcf7-validates-as-tel\" autocomplete=\"tel\" aria-invalid=\"false\" value=\"\" type=\"tel\" name=\"phone\" \/><\/span><\/label>\n<\/p>\n<p><label>Bestellmethode:*<br \/>\n<span class=\"wpcf7-form-control-wrap\" data-name=\"order-mode\"><select class=\"wpcf7-form-control wpcf7-select wpcf7-validates-as-required\" aria-required=\"true\" aria-invalid=\"false\" name=\"order-mode\"><option value=\"\">&#8211; Bitte ausw\u00e4hlen &#8211;<\/option><option value=\"Per E-Mail\">Per E-Mail<\/option><option value=\"Im Atelier\">Im Atelier<\/option><option value=\"Per Telefon\">Per Telefon<\/option><\/select><\/span><\/label>\n<\/p>\n<p><label>Bevorzugte Kontaktmethode:*<br \/>\n<span class=\"wpcf7-form-control-wrap\" data-name=\"order-mode\"><select class=\"wpcf7-form-control wpcf7-select wpcf7-validates-as-required\" aria-required=\"true\" aria-invalid=\"false\" name=\"order-mode\"><option value=\"\">&#8211; Bitte ausw\u00e4hlen &#8211;<\/option><option value=\"Telefon (in English)\">Telefon (in English)<\/option><option value=\"E-Mail\">E-Mail<\/option><\/select><\/span><\/label>\n<\/p>\n<p><label>Nachricht:*<br \/>\n<span class=\"wpcf7-form-control-wrap\" data-name=\"your-message\"><textarea cols=\"40\" rows=\"10\" maxlength=\"2000\" class=\"wpcf7-form-control wpcf7-textarea wpcf7-validates-as-required\" aria-required=\"true\" aria-invalid=\"false\" placeholder=\"Ihre Nachricht...\" name=\"your-message\"><\/textarea><\/span><\/label>\n<\/p>\n<p><label>Wie viel ist 4 + 6 ?*<br \/>\n<span class=\"wpcf7-form-control-wrap\" data-name=\"anti-spam\"><input size=\"40\" maxlength=\"400\" class=\"wpcf7-form-control wpcf7-text wpcf7-validates-as-required\" aria-required=\"true\" aria-invalid=\"false\" placeholder=\"\" value=\"\" type=\"text\" name=\"anti-spam\" \/><\/span><\/label>\n<\/p>\n<p><small><br \/>\nDas Absenden dieses Formulars stellt keine Bestellung dar, unser Team wird Sie kontaktieren, um die Details Ihres Projekts zu best\u00e4tigen und abzuschlie\u00dfen.<br \/>\nMit dem Absenden dieses Formulars erkl\u00e4ren Sie sich damit einverstanden, dass <strong>4Woods Europe<\/strong> Ihre Daten ausschlie\u00dflich zur Beantwortung Ihrer Nachricht verwendet. Es werden keine Daten an Dritte weitergegeben.<br \/>\nDiese Website ist <u>ausschlie\u00dflich f\u00fcr Erwachsene<\/u> bestimmt. Mit der Kontaktaufnahme best\u00e4tigen Sie, dass Sie nach den Gesetzen Ihres Landes vollj\u00e4hrig sind und sich des erotischen Charakters der hier dargestellten Inhalte bewusst sind.<br \/>\n<\/small>\n<\/p>\n<p class=\"cf7-submit-row\"><br \/>\n<input class=\"wpcf7-form-control wpcf7-submit has-spinner\" type=\"submit\" value=\"SENDEN\" \/>\n<\/p><p style=\"display: none !important;\" class=\"akismet-fields-container\" data-prefix=\"_wpcf7_ak_\"><label>&#916;<textarea name=\"_wpcf7_ak_hp_textarea\" cols=\"45\" rows=\"8\" maxlength=\"100\"><\/textarea><\/label><input type=\"hidden\" id=\"ak_js_1\" name=\"_wpcf7_ak_js\" value=\"121\"\/><script>document.getElementById( \"ak_js_1\" ).setAttribute( \"value\", ( new Date() ).getTime() );<\/script><\/p><div class=\"wpcf7-response-output\" aria-hidden=\"true\"><\/div>\n<\/form>\n<\/div>\n<\/section>\n<p>[\/vc_column_text][\/vc_column][vc_column width=&#8221;1\/6&#8243;][\/vc_column][\/vc_row][vc_row full_width=&#8221;stretch_row_content_no_spaces&#8221; css=&#8221;.vc_custom_1762788198386{padding-top: 60px !important;}&#8221;][vc_column width=&#8221;1\/3&#8243;][\/vc_column][vc_column width=&#8221;1\/3&#8243;][vc_column_text]<\/p>\n<p style=\"text-align: center;\">Vielen Dank f\u00fcr Ihr Vertrauen.<\/p>\n<p style=\"text-align: center;\">Jedes Projekt beginnt mit einem Austausch. Wir werden uns so bald wie m\u00f6glich bei Ihnen melden.<\/p>\n<p>[\/vc_column_text][\/vc_column][vc_column width=&#8221;1\/3&#8243;][\/vc_column][\/vc_row][vc_row css=&#8221;.vc_custom_1762787716987{padding-bottom: 60px !important;}&#8221;][vc_column width=&#8221;1\/4&#8243;][\/vc_column][vc_column width=&#8221;1\/2&#8243;][vc_column_text el_class=&#8221;commande-cta&#8221;]<\/p>\n<hr style=\"border: none; border-top: 1px solid #d1004b; margin: 50px 0;\" \/>\n<p class=\"commande-cta\" aria-label=\"N\u00fctzliche Links\"><a href=\"https:\/\/4woods.eu\/de\/faq-silikonpuppen\/\">FAQ ansehen<\/a><br \/>\n<a href=\"https:\/\/4woods.eu\/de\/silikonpuppen-service-preise\/\">Unsere Dienstleistungen<\/a><\/p>\n<p>[\/vc_column_text][\/vc_column][vc_column width=&#8221;1\/4&#8243;][\/vc_column][\/vc_row]<\/p>\n","protected":false},"excerpt":{"rendered":"<p>&#8230;<\/p>\n","protected":false},"author":1,"featured_media":0,"parent":13811,"menu_order":0,"comment_status":"closed","ping_status":"closed","template":"","meta":{"footnotes":""},"class_list":["post-11845","page","type-page","status-publish","hentry"],"yoast_head":"<!-- This site is optimized with the Yoast SEO Premium plugin v27.4 (Yoast SEO v27.4) - https:\/\/yoast.com\/product\/yoast-seo-premium-wordpress\/ -->\n<title>Silikonpuppe bestellen | 4Woods Europe<\/title>\n<meta name=\"description\" content=\"Handgefertigt nach Ihren W\u00fcnschen \u2013 starten Sie Ihr Projekt mit 4Woods Europe, dem franz\u00f6sischen Atelier f\u00fcr Silikonpuppen.\" \/>\n<meta name=\"robots\" content=\"index, follow, max-snippet:-1, max-image-preview:large, max-video-preview:-1\" \/>\n<link rel=\"canonical\" href=\"https:\/\/4woods.eu\/de\/silikonpuppen\/bestellung\/\" \/>\n<meta property=\"og:locale\" content=\"de_DE\" \/>\n<meta property=\"og:type\" content=\"article\" \/>\n<meta property=\"og:title\" content=\"Bestellung\" \/>\n<meta property=\"og:description\" content=\"Handgefertigt nach Ihren W\u00fcnschen \u2013 starten Sie Ihr Projekt mit 4Woods Europe, dem franz\u00f6sischen Atelier f\u00fcr Silikonpuppen.\" \/>\n<meta property=\"og:url\" content=\"https:\/\/4woods.eu\/de\/silikonpuppen\/bestellung\/\" \/>\n<meta property=\"og:site_name\" content=\"4woods\" \/>\n<meta property=\"article:modified_time\" content=\"2025-11-10T21:30:11+00:00\" \/>\n<meta name=\"twitter:card\" content=\"summary_large_image\" \/>\n<meta name=\"twitter:label1\" content=\"Gesch\u00e4tzte Lesezeit\" \/>\n\t<meta name=\"twitter:data1\" content=\"1\u00a0Minute\" \/>\n<!-- \/ Yoast SEO Premium plugin. -->","yoast_head_json":{"title":"Silikonpuppe bestellen | 4Woods Europe","description":"Handgefertigt nach Ihren W\u00fcnschen \u2013 starten Sie Ihr Projekt mit 4Woods Europe, dem franz\u00f6sischen Atelier f\u00fcr Silikonpuppen.","robots":{"index":"index","follow":"follow","max-snippet":"max-snippet:-1","max-image-preview":"max-image-preview:large","max-video-preview":"max-video-preview:-1"},"canonical":"https:\/\/4woods.eu\/de\/silikonpuppen\/bestellung\/","og_locale":"de_DE","og_type":"article","og_title":"Bestellung","og_description":"Handgefertigt nach Ihren W\u00fcnschen \u2013 starten Sie Ihr Projekt mit 4Woods Europe, dem franz\u00f6sischen Atelier f\u00fcr Silikonpuppen.","og_url":"https:\/\/4woods.eu\/de\/silikonpuppen\/bestellung\/","og_site_name":"4woods","article_modified_time":"2025-11-10T21:30:11+00:00","twitter_card":"summary_large_image","twitter_misc":{"Gesch\u00e4tzte Lesezeit":"1\u00a0Minute"},"schema":{"@context":"https:\/\/schema.org","@graph":[{"@type":"WebPage","@id":"https:\/\/4woods.eu\/de\/silikonpuppen\/bestellung\/","url":"https:\/\/4woods.eu\/de\/silikonpuppen\/bestellung\/","name":"Silikonpuppe bestellen | 4Woods Europe","isPartOf":{"@id":"https:\/\/4woods.eu\/de\/#website"},"datePublished":"2019-09-17T11:16:41+00:00","dateModified":"2025-11-10T21:30:11+00:00","description":"Handgefertigt nach Ihren W\u00fcnschen \u2013 starten Sie Ihr Projekt mit 4Woods Europe, dem franz\u00f6sischen Atelier f\u00fcr Silikonpuppen.","breadcrumb":{"@id":"https:\/\/4woods.eu\/de\/silikonpuppen\/bestellung\/#breadcrumb"},"inLanguage":"de","potentialAction":[{"@type":"ReadAction","target":["https:\/\/4woods.eu\/de\/silikonpuppen\/bestellung\/"]}]},{"@type":"WebSite","@id":"https:\/\/4woods.eu\/de\/#website","url":"https:\/\/4woods.eu\/de\/","name":"4woods","description":"Fabricant et vendeur fran\u00e7ais de poup\u00e9es en silicone pour adultes","publisher":{"@id":"https:\/\/4woods.eu\/de\/#organization"},"potentialAction":[{"@type":"SearchAction","target":{"@type":"EntryPoint","urlTemplate":"https:\/\/4woods.eu\/de\/?s={search_term_string}"},"query-input":{"@type":"PropertyValueSpecification","valueRequired":true,"valueName":"search_term_string"}}],"inLanguage":"de"},{"@type":"Organization","@id":"https:\/\/4woods.eu\/de\/#organization","name":"4Woods Europe","url":"https:\/\/4woods.eu\/de\/","logo":{"@type":"ImageObject","inLanguage":"de","@id":"https:\/\/4woods.eu\/de\/#\/schema\/logo\/image\/","url":"https:\/\/e7j6pxag7o8.exactdn.com\/wp-content\/uploads\/2017\/09\/logo-4woods-red-2.jpg?strip=all&lossy=0&ssl=1","contentUrl":"https:\/\/e7j6pxag7o8.exactdn.com\/wp-content\/uploads\/2017\/09\/logo-4woods-red-2.jpg?strip=all&lossy=0&ssl=1","width":826,"height":495,"caption":"4Woods Europe"},"image":{"@id":"https:\/\/4woods.eu\/de\/#\/schema\/logo\/image\/"},"sameAs":["https:\/\/www.instagram.com\/4woods_europe\/"]}]}},"_links":{"self":[{"href":"https:\/\/4woods.eu\/de\/wp-json\/wp\/v2\/pages\/11845","targetHints":{"allow":["GET"]}}],"collection":[{"href":"https:\/\/4woods.eu\/de\/wp-json\/wp\/v2\/pages"}],"about":[{"href":"https:\/\/4woods.eu\/de\/wp-json\/wp\/v2\/types\/page"}],"author":[{"embeddable":true,"href":"https:\/\/4woods.eu\/de\/wp-json\/wp\/v2\/users\/1"}],"replies":[{"embeddable":true,"href":"https:\/\/4woods.eu\/de\/wp-json\/wp\/v2\/comments?post=11845"}],"version-history":[{"count":17,"href":"https:\/\/4woods.eu\/de\/wp-json\/wp\/v2\/pages\/11845\/revisions"}],"predecessor-version":[{"id":19611,"href":"https:\/\/4woods.eu\/de\/wp-json\/wp\/v2\/pages\/11845\/revisions\/19611"}],"up":[{"embeddable":true,"href":"https:\/\/4woods.eu\/de\/wp-json\/wp\/v2\/pages\/13811"}],"wp:attachment":[{"href":"https:\/\/4woods.eu\/de\/wp-json\/wp\/v2\/media?parent=11845"}],"curies":[{"name":"wp","href":"https:\/\/api.w.org\/{rel}","templated":true}]}}