{"id":11843,"date":"2019-09-17T12:55:19","date_gmt":"2019-09-17T10:55:19","guid":{"rendered":"https:\/\/www.4woods.eu\/impressum\/"},"modified":"2026-02-10T20:37:58","modified_gmt":"2026-02-10T19:37:58","slug":"impressum","status":"publish","type":"page","link":"https:\/\/4woods.eu\/de\/impressum\/","title":{"rendered":"Impressum"},"content":{"rendered":"<p>[vc_row full_width=&#8221;stretch_row_content_no_spaces&#8221; css=&#8221;.vc_custom_1770751260185{padding-top: 50px !important;padding-bottom: 50px !important;}&#8221;][vc_column width=&#8221;1\/4&#8243;][\/vc_column][vc_column width=&#8221;1\/2&#8243;][vc_column_text]<\/p>\n<h1 style=\"text-align: center;\">Impressum- DSGVO &#8211; 4Woods Europe<\/h1>\n<p>[\/vc_column_text][\/vc_column][vc_column width=&#8221;1\/4&#8243;][\/vc_column][\/vc_row][vc_row full_width=&#8221;stretch_row_content_no_spaces&#8221; css=&#8221;.vc_custom_1506421966829{padding-top: 80px !important;padding-bottom: 80px !important;}&#8221;][vc_column width=&#8221;1\/4&#8243;][\/vc_column][vc_column width=&#8221;1\/2&#8243;][vc_column_text]<\/p>\n<h2>Website-Betreiber<\/h2>\n<p>Die Website 4woods.eu wird betrieben von:<br \/>4Woods Europe \u2013 4WDS<br \/>6 route de Toulon<br \/>71710 Montcenis \u2013 Frankreich<br \/>SARL mit einem Kapital von 10.000 \u20ac<br \/>Eingetragen beim Handelsregister von Chalon-sur-Sa\u00f4ne unter Nr. 534 264 486<br \/>APE-Code: 3299Z<br \/>USt-IdNr.: FR02534264486<br \/>Handwerksregister-Nr.: 534264486RM069<br \/>Telefon: 06 83 64 36 11<br \/>E-Mail: 4wds.contact@gmail.com<br \/>Verantwortlich f\u00fcr den Inhalt: Siham BEN MOHAD, Gesch\u00e4ftsf\u00fchrerin<\/p>\n<h2>Webhost<\/h2>\n<p>OVH<br \/>2 rue Kellermann \u2013 59100 Roubaix \u2013 Frankreich<\/p>\n<p>SAS mit einem Kapital von 10.069.020 \u20ac<br \/>Eingetragen beim Handelsregister Lille M\u00e9tropole unter Nr. 424 761 419 00045<\/p>\n<h2>Website-T\u00e4tigkeit \u2013 Nur f\u00fcr Erwachsene<\/h2>\n<p>4Woods Europe betreibt eine Pr\u00e4sentationswebsite, die ihre handwerkliche Fertigung von Freizeitartikeln, Dekorationsgegenst\u00e4nden, Schaufensterpuppen und Accessoires ausschlie\u00dflich f\u00fcr ein vollj\u00e4hriges Publikum vorstellt.<\/p>\n<p>4Woods Europe entwirft, fertigt und vermarktet ausschlie\u00dflich Produkte, die erwachsene Charaktere darstellen.<br \/>Das Unternehmen bietet keine Darstellungen von Minderj\u00e4hrigen an noch Produkte, die vern\u00fcnftigerweise als Darstellung eines Minderj\u00e4hrigen wahrgenommen werden k\u00f6nnten, insbesondere aufgrund morphologischer Merkmale, Proportionen oder sonstiger Darstellungselemente.<\/p>\n<p>Nur Produkte und Inhalte, die auf der offiziellen Website www.4woods.eu pr\u00e4sentiert werden, fallen in den T\u00e4tigkeitsbereich und die Verantwortung von 4Woods Europe.<br \/>Jegliche andere Produktlinie, jedes andere Produkt oder jeder andere Inhalt, der von Dritten (Partnern, Vertriebspartnern, Anteilseignern etc.) verbreitet wird, f\u00e4llt ausschlie\u00dflich in deren Verantwortung.<\/p>\n<h2>Datenschutz (DSGVO)<\/h2>\n<p>Verarbeitungszwecke<br \/>&#8211; Beantwortung von Anfragen zu Angeboten\/Informationen \u00fcber Kontaktformular<br \/>&#8211; Kundenbetreuung und ggf. kommerzielle Prospektion<\/p>\n<p>Rechtsgrundlage<br \/>&#8211; Angebote\/Informationen: vorvertragliche Ma\u00dfnahmen<br \/>&#8211; Prospektion: berechtigtes Interesse von 4Woods Europe<\/p>\n<p>Erhobene Daten<br \/>Name, Vorname, E-Mail, Telefon, Postanschrift, freie Nachricht<\/p>\n<p>Empf\u00e4nger<br \/>Nur autorisiertes Personal von 4Woods Europe (keine Weitergabe an Dritte)<\/p>\n<p>Speicherdauer<br \/>&#8211; Angebote: bis zur Auftragsvergabe oder L\u00f6schungsanfrage<br \/>&#8211; Prospektion: bis zum Widerspruch oder L\u00f6schungsanfrage<\/p>\n<h2>Ihre Rechte<\/h2>\n<p>Auskunft, Berichtigung, L\u00f6schung, Einschr\u00e4nkung, \u00dcbertragbarkeit, Widerspruch<br \/>Aus\u00fcbung der Rechte: 4wds.contact@gmail.com<br \/>CNIL: www.cnil.fr (bei unzureichender Antwort)<\/p>\n<h2>Cookies und Statistikdaten<\/h2>\n<p>Verwendete Cookies:<br \/>&#8211; Technische Cookies (zwingend erforderlich)<br \/>&#8211; Google Analytics 4 (anonymisierte Statistiken, keine Werbung)<\/p>\n<p>Keine personenbezogenen Daten an Dritte weitergegeben.<br \/>Einstellung \u00fcber Browser m\u00f6glich.<\/p>\n<h2>Geistiges Eigentum<\/h2>\n<p>Alle Inhalte gesch\u00fctzt (Texte, Fotos, Logos) durch Urheberrecht und geistiges Eigentum.<br \/>Vervielf\u00e4ltigung verboten ohne vorherige schriftliche Genehmigung.<\/p>\n<h2>Haftung<\/h2>\n<p>4Woods Europe bem\u00fcht sich um die Richtigkeit der Informationen, garantiert jedoch keine Vollst\u00e4ndigkeit.<br \/>Externe Links: Keine Haftung f\u00fcr Inhalte von Dritt-Websites.<br \/>Nutzung der Website auf eigene Verantwortung.[\/vc_column_text][\/vc_column][vc_column width=&#8221;1\/4&#8243;][\/vc_column][\/vc_row]<\/p>\n","protected":false},"excerpt":{"rendered":"<p>&#8230;<\/p>\n","protected":false},"author":1,"featured_media":0,"parent":0,"menu_order":0,"comment_status":"closed","ping_status":"closed","template":"","meta":{"footnotes":""},"class_list":["post-11843","page","type-page","status-publish","hentry"],"yoast_head":"<!-- This site is optimized with the Yoast SEO Premium plugin v27.5 (Yoast SEO v27.5) - https:\/\/yoast.com\/product\/yoast-seo-premium-wordpress\/ -->\n<title>Impressum | 4Woods Europe, franz\u00f6sischer Hersteller<\/title>\n<meta name=\"description\" content=\"Impressum und Datenschutzrichtlinie von 4Woods Europe, franz\u00f6sischer Hersteller hochwertiger Silikonpuppen. Transparente Datenverarbeitung.\" \/>\n<meta name=\"robots\" content=\"index, follow, max-snippet:-1, max-image-preview:large, max-video-preview:-1\" \/>\n<link rel=\"canonical\" href=\"https:\/\/4woods.eu\/de\/impressum\/\" \/>\n<meta property=\"og:locale\" content=\"de_DE\" \/>\n<meta property=\"og:type\" content=\"article\" \/>\n<meta property=\"og:title\" content=\"Impressum\" \/>\n<meta property=\"og:description\" content=\"Impressum und Datenschutzrichtlinie von 4Woods Europe, franz\u00f6sischer Hersteller hochwertiger Silikonpuppen. Transparente Datenverarbeitung.\" \/>\n<meta property=\"og:url\" content=\"https:\/\/4woods.eu\/de\/impressum\/\" \/>\n<meta property=\"og:site_name\" content=\"4woods\" \/>\n<meta property=\"article:modified_time\" content=\"2026-02-10T19:37:58+00:00\" \/>\n<meta name=\"twitter:card\" content=\"summary_large_image\" \/>\n<meta name=\"twitter:label1\" content=\"Gesch\u00e4tzte Lesezeit\" \/>\n\t<meta name=\"twitter:data1\" content=\"2\u00a0Minuten\" \/>\n<!-- \/ Yoast SEO Premium plugin. -->","yoast_head_json":{"title":"Impressum | 4Woods Europe, franz\u00f6sischer Hersteller","description":"Impressum und Datenschutzrichtlinie von 4Woods Europe, franz\u00f6sischer Hersteller hochwertiger Silikonpuppen. Transparente Datenverarbeitung.","robots":{"index":"index","follow":"follow","max-snippet":"max-snippet:-1","max-image-preview":"max-image-preview:large","max-video-preview":"max-video-preview:-1"},"canonical":"https:\/\/4woods.eu\/de\/impressum\/","og_locale":"de_DE","og_type":"article","og_title":"Impressum","og_description":"Impressum und Datenschutzrichtlinie von 4Woods Europe, franz\u00f6sischer Hersteller hochwertiger Silikonpuppen. Transparente Datenverarbeitung.","og_url":"https:\/\/4woods.eu\/de\/impressum\/","og_site_name":"4woods","article_modified_time":"2026-02-10T19:37:58+00:00","twitter_card":"summary_large_image","twitter_misc":{"Gesch\u00e4tzte Lesezeit":"2\u00a0Minuten"},"schema":{"@context":"https:\/\/schema.org","@graph":[{"@type":"WebPage","@id":"https:\/\/4woods.eu\/de\/impressum\/","url":"https:\/\/4woods.eu\/de\/impressum\/","name":"Impressum | 4Woods Europe, franz\u00f6sischer Hersteller","isPartOf":{"@id":"https:\/\/4woods.eu\/de\/#website"},"datePublished":"2019-09-17T10:55:19+00:00","dateModified":"2026-02-10T19:37:58+00:00","description":"Impressum und Datenschutzrichtlinie von 4Woods Europe, franz\u00f6sischer Hersteller hochwertiger Silikonpuppen. Transparente Datenverarbeitung.","breadcrumb":{"@id":"https:\/\/4woods.eu\/de\/impressum\/#breadcrumb"},"inLanguage":"de","potentialAction":[{"@type":"ReadAction","target":["https:\/\/4woods.eu\/de\/impressum\/"]}]},{"@type":"WebSite","@id":"https:\/\/4woods.eu\/de\/#website","url":"https:\/\/4woods.eu\/de\/","name":"4woods","description":"Fabricant et vendeur fran\u00e7ais de poup\u00e9es en silicone pour adultes","publisher":{"@id":"https:\/\/4woods.eu\/de\/#organization"},"potentialAction":[{"@type":"SearchAction","target":{"@type":"EntryPoint","urlTemplate":"https:\/\/4woods.eu\/de\/?s={search_term_string}"},"query-input":{"@type":"PropertyValueSpecification","valueRequired":true,"valueName":"search_term_string"}}],"inLanguage":"de"},{"@type":"Organization","@id":"https:\/\/4woods.eu\/de\/#organization","name":"4Woods Europe","url":"https:\/\/4woods.eu\/de\/","logo":{"@type":"ImageObject","inLanguage":"de","@id":"https:\/\/4woods.eu\/de\/#\/schema\/logo\/image\/","url":"https:\/\/e7j6pxag7o8.exactdn.com\/wp-content\/uploads\/2017\/09\/logo-4woods-red-2.jpg?strip=all&lossy=0&ssl=1","contentUrl":"https:\/\/e7j6pxag7o8.exactdn.com\/wp-content\/uploads\/2017\/09\/logo-4woods-red-2.jpg?strip=all&lossy=0&ssl=1","width":826,"height":495,"caption":"4Woods Europe"},"image":{"@id":"https:\/\/4woods.eu\/de\/#\/schema\/logo\/image\/"},"sameAs":["https:\/\/www.instagram.com\/4woods_europe\/"]}]}},"_links":{"self":[{"href":"https:\/\/4woods.eu\/de\/wp-json\/wp\/v2\/pages\/11843","targetHints":{"allow":["GET"]}}],"collection":[{"href":"https:\/\/4woods.eu\/de\/wp-json\/wp\/v2\/pages"}],"about":[{"href":"https:\/\/4woods.eu\/de\/wp-json\/wp\/v2\/types\/page"}],"author":[{"embeddable":true,"href":"https:\/\/4woods.eu\/de\/wp-json\/wp\/v2\/users\/1"}],"replies":[{"embeddable":true,"href":"https:\/\/4woods.eu\/de\/wp-json\/wp\/v2\/comments?post=11843"}],"version-history":[{"count":18,"href":"https:\/\/4woods.eu\/de\/wp-json\/wp\/v2\/pages\/11843\/revisions"}],"predecessor-version":[{"id":19862,"href":"https:\/\/4woods.eu\/de\/wp-json\/wp\/v2\/pages\/11843\/revisions\/19862"}],"wp:attachment":[{"href":"https:\/\/4woods.eu\/de\/wp-json\/wp\/v2\/media?parent=11843"}],"curies":[{"name":"wp","href":"https:\/\/api.w.org\/{rel}","templated":true}]}}